{"id":2173,"date":"2024-07-15T20:34:27","date_gmt":"2024-07-15T20:34:27","guid":{"rendered":"https:\/\/gruposilmag.com\/?page_id=2173"},"modified":"2025-05-05T15:07:11","modified_gmt":"2025-05-05T15:07:11","slug":"catalogo-digital","status":"publish","type":"page","link":"https:\/\/gruposilmag.com\/en\/catalogo-digital\/","title":{"rendered":"Cat\u00e1logo Digital"},"content":{"rendered":"<div data-elementor-type=\"wp-page\" data-elementor-id=\"2173\" class=\"elementor elementor-2173\">\n\t\t\t\t<div class=\"elementor-element elementor-element-30cdd93 e-flex e-con-boxed lakit-col-width-auto-no e-container e-root-container elementor-top-section e-con e-parent\" data-id=\"30cdd93\" data-element_type=\"container\" data-settings=\"{&quot;background_background&quot;:&quot;classic&quot;}\">\n\t\t\t\t\t<div class=\"e-con-inner\">\n\t\t\t\t<div class=\"elementor-element elementor-element-a32e275 text-gradient elementor-widget elementor-widget-heading\" data-id=\"a32e275\" data-element_type=\"widget\" data-widget_type=\"heading.default\">\n\t\t\t\t<div class=\"elementor-widget-container\">\n\t\t\t\t\t<div class=\"elementor-heading-title elementor-size-default\">Cat\u00e1logo Digital<\/div>\t\t\t\t<\/div>\n\t\t\t\t<\/div>\n\t\t\t\t\t<\/div>\n\t\t\t\t<\/div>\n\t\t<div class=\"elementor-element elementor-element-c4d225a e-grid e-con-boxed lakit-col-width-auto-no e-container e-root-container elementor-top-section e-con e-parent\" data-id=\"c4d225a\" data-element_type=\"container\">\n\t\t\t\t\t<div class=\"e-con-inner\">\n\t\t\t\t<div class=\"elementor-element elementor-element-fe7d517 lakit-equal-height-disable elementor-widget lastudio-kit elementor-lakit-image-box\" data-id=\"fe7d517\" data-element_type=\"widget\" data-widget_type=\"lakit-image-box.default\">\n\t\t\t\t\t<div class=\"lakit-imagebox text-center lakit-imagebox__content-align-center simple-card\"><div class=\"lakit-imagebox__header figure__object_fit\"><img fetchpriority=\"high\" decoding=\"async\" width=\"533\" height=\"758\" src=\"https:\/\/gruposilmag.com\/wp-content\/uploads\/2024\/07\/PORTADA-CAT-ESP.jpg\" class=\"lakit-imagebox__main_img attachment-full size-full wp-image-2177\" alt=\"\" srcset=\"https:\/\/gruposilmag.com\/wp-content\/uploads\/2024\/07\/PORTADA-CAT-ESP.jpg 533w, https:\/\/gruposilmag.com\/wp-content\/uploads\/2024\/07\/PORTADA-CAT-ESP-8x12.jpg 8w\" sizes=\"(max-width: 533px) 100vw, 533px\" \/><\/div><div class=\"lakit-imagebox__body\"><div class=\"lakit-imagebox__body_inner\"><h3 class=\"lakit-imagebox__title\"><a href=\"https:\/\/gruposilmag.com\/wp-content\/uploads\/2025\/05\/Libro-catalogo-Silmag-rev.-1.7_compressed.pdf\"><span class=\"lakit-imagebox__title_text\">Cat\u00e1logo de productos<\/span><\/a><\/h3><\/div><div class=\"lakit-iconbox__button_wrapper\"><a href=\"https:\/\/gruposilmag.com\/wp-content\/uploads\/2025\/05\/Libro-catalogo-Silmag-rev.-1.7_compressed.pdf\" class=\"elementor-button-link elementor-button elementor-btn-align-icon-\"><span class=\"elementor-button-content-wrapper e-icon-align-\"><span class=\"elementor-button-text\">Descargar<\/span><\/span><\/a><\/div><\/div><\/div>\t\t\t\t<\/div>\n\t\t\t\t<div class=\"elementor-element elementor-element-ed85e88 lakit-equal-height-disable elementor-widget lastudio-kit elementor-lakit-image-box\" data-id=\"ed85e88\" data-element_type=\"widget\" data-widget_type=\"lakit-image-box.default\">\n\t\t\t\t\t<div class=\"lakit-imagebox text-center lakit-imagebox__content-align-center simple-card\"><div class=\"lakit-imagebox__header figure__object_fit\"><img decoding=\"async\" width=\"600\" height=\"849\" src=\"https:\/\/gruposilmag.com\/wp-content\/uploads\/2024\/07\/Product-Catalogue-600x849-1.jpg\" class=\"lakit-imagebox__main_img attachment-full size-full wp-image-2179\" alt=\"\" srcset=\"https:\/\/gruposilmag.com\/wp-content\/uploads\/2024\/07\/Product-Catalogue-600x849-1.jpg 600w, https:\/\/gruposilmag.com\/wp-content\/uploads\/2024\/07\/Product-Catalogue-600x849-1-8x12.jpg 8w\" sizes=\"(max-width: 600px) 100vw, 600px\" \/><\/div><div class=\"lakit-imagebox__body\"><div class=\"lakit-imagebox__body_inner\"><h3 class=\"lakit-imagebox__title\"><a href=\"https:\/\/gruposilmag.com\/wp-content\/uploads\/2024\/07\/Catalogo-Digirtal-Silmag-Ingles-rev.0.5-1.pdf\"><span class=\"lakit-imagebox__title_text\">Product Catalogue<\/span><\/a><\/h3><\/div><div class=\"lakit-iconbox__button_wrapper\"><a href=\"https:\/\/gruposilmag.com\/wp-content\/uploads\/2024\/07\/Catalogo-Digirtal-Silmag-Ingles-rev.0.5-1.pdf\" class=\"elementor-button-link elementor-button elementor-btn-align-icon-\"><span class=\"elementor-button-content-wrapper e-icon-align-\"><span class=\"elementor-button-text\">Download<\/span><\/span><\/a><\/div><\/div><\/div>\t\t\t\t<\/div>\n\t\t\t\t\t<\/div>\n\t\t\t\t<\/div>\n\t\t<div class=\"elementor-element elementor-element-ca9eecc e-grid e-con-boxed lakit-col-width-auto-no e-container e-root-container elementor-top-section e-con e-parent\" data-id=\"ca9eecc\" data-element_type=\"container\">\n\t\t\t\t\t<div class=\"e-con-inner\">\n\t\t\t\t<div class=\"elementor-element elementor-element-cc79324 lakit-equal-height-disable elementor-widget lastudio-kit elementor-lakit-image-box\" data-id=\"cc79324\" data-element_type=\"widget\" data-widget_type=\"lakit-image-box.default\">\n\t\t\t\t\t<div class=\"lakit-imagebox text-center lakit-imagebox__content-align-center simple-card\"><div class=\"lakit-imagebox__header figure__object_fit\"><img decoding=\"async\" width=\"1369\" height=\"2000\" src=\"https:\/\/gruposilmag.com\/wp-content\/uploads\/2024\/09\/ACCESOS-VASCULARES-rev.-0.0.png\" class=\"lakit-imagebox__main_img attachment-full size-full wp-image-2593\" alt=\"\" srcset=\"https:\/\/gruposilmag.com\/wp-content\/uploads\/2024\/09\/ACCESOS-VASCULARES-rev.-0.0.png 1369w, https:\/\/gruposilmag.com\/wp-content\/uploads\/2024\/09\/ACCESOS-VASCULARES-rev.-0.0-1051x1536.png 1051w, https:\/\/gruposilmag.com\/wp-content\/uploads\/2024\/09\/ACCESOS-VASCULARES-rev.-0.0-8x12.png 8w\" sizes=\"(max-width: 1369px) 100vw, 1369px\" \/><\/div><div class=\"lakit-imagebox__body\"><div class=\"lakit-imagebox__body_inner\"><h3 class=\"lakit-imagebox__title\"><a href=\"https:\/\/gruposilmag.com\/wp-content\/uploads\/2024\/09\/ACCESOS-VASCULARES-rev.-0.0-30-08-24.pdf\"><span class=\"lakit-imagebox__title_text\">Cat\u00e1logo de Accesos Vasculares<\/span><\/a><\/h3><\/div><div class=\"lakit-iconbox__button_wrapper\"><a href=\"https:\/\/gruposilmag.com\/wp-content\/uploads\/2024\/09\/ACCESOS-VASCULARES-rev.-0.0-30-08-24.pdf\" class=\"elementor-button-link elementor-button elementor-btn-align-icon-\"><span class=\"elementor-button-content-wrapper e-icon-align-\"><span class=\"elementor-button-text\">Descargar<\/span><\/span><\/a><\/div><\/div><\/div>\t\t\t\t<\/div>\n\t\t\t\t<div class=\"elementor-element elementor-element-b0c1c96 lakit-equal-height-disable elementor-widget lastudio-kit elementor-lakit-image-box\" data-id=\"b0c1c96\" data-element_type=\"widget\" data-widget_type=\"lakit-image-box.default\">\n\t\t\t\t\t<div class=\"lakit-imagebox text-center lakit-imagebox__content-align-center simple-card\"><div class=\"lakit-imagebox__header figure__object_fit\"><img loading=\"lazy\" decoding=\"async\" width=\"1410\" height=\"2000\" src=\"https:\/\/gruposilmag.com\/wp-content\/uploads\/2024\/09\/VIAS-DIGESTIVAS-nuevo-diseno.png\" class=\"lakit-imagebox__main_img attachment-full size-full wp-image-2595\" alt=\"\" srcset=\"https:\/\/gruposilmag.com\/wp-content\/uploads\/2024\/09\/VIAS-DIGESTIVAS-nuevo-diseno.png 1410w, https:\/\/gruposilmag.com\/wp-content\/uploads\/2024\/09\/VIAS-DIGESTIVAS-nuevo-diseno-1083x1536.png 1083w, https:\/\/gruposilmag.com\/wp-content\/uploads\/2024\/09\/VIAS-DIGESTIVAS-nuevo-diseno-8x12.png 8w\" sizes=\"(max-width: 1410px) 100vw, 1410px\" \/><\/div><div class=\"lakit-imagebox__body\"><div class=\"lakit-imagebox__body_inner\"><h3 class=\"lakit-imagebox__title\"><a href=\"https:\/\/gruposilmag.com\/wp-content\/uploads\/2025\/05\/Catalogo-VIAS-DIGESTIVAS-rev.-0.2.pdf\"><span class=\"lakit-imagebox__title_text\">Cat\u00e1logo de V\u00edas Digestivas<\/span><\/a><\/h3><\/div><div class=\"lakit-iconbox__button_wrapper\"><a href=\"https:\/\/gruposilmag.com\/wp-content\/uploads\/2025\/05\/Catalogo-VIAS-DIGESTIVAS-rev.-0.2.pdf\" class=\"elementor-button-link elementor-button elementor-btn-align-icon-\"><span class=\"elementor-button-content-wrapper e-icon-align-\"><span class=\"elementor-button-text\">Descargar<\/span><\/span><\/a><\/div><\/div><\/div>\t\t\t\t<\/div>\n\t\t\t\t\t<\/div>\n\t\t\t\t<\/div>\n\t\t<div class=\"elementor-element elementor-element-9e2687a e-grid e-con-boxed lakit-col-width-auto-no e-container e-root-container elementor-top-section e-con e-parent\" data-id=\"9e2687a\" data-element_type=\"container\">\n\t\t\t\t\t<div class=\"e-con-inner\">\n\t\t\t\t<div class=\"elementor-element elementor-element-84f29d4 lakit-equal-height-disable elementor-widget lastudio-kit elementor-lakit-image-box\" data-id=\"84f29d4\" data-element_type=\"widget\" data-widget_type=\"lakit-image-box.default\">\n\t\t\t\t\t<div class=\"lakit-imagebox text-center lakit-imagebox__content-align-center simple-card\"><div class=\"lakit-imagebox__header figure__object_fit\"><img loading=\"lazy\" decoding=\"async\" width=\"557\" height=\"819\" src=\"https:\/\/gruposilmag.com\/wp-content\/uploads\/2025\/05\/Captura-de-pantalla-2025-05-05-120627.png\" class=\"lakit-imagebox__main_img attachment-full size-full wp-image-3179\" alt=\"\" srcset=\"https:\/\/gruposilmag.com\/wp-content\/uploads\/2025\/05\/Captura-de-pantalla-2025-05-05-120627.png 557w, https:\/\/gruposilmag.com\/wp-content\/uploads\/2025\/05\/Captura-de-pantalla-2025-05-05-120627-8x12.png 8w\" sizes=\"(max-width: 557px) 100vw, 557px\" \/><\/div><div class=\"lakit-imagebox__body\"><div class=\"lakit-imagebox__body_inner\"><h3 class=\"lakit-imagebox__title\"><a href=\"https:\/\/gruposilmag.com\/wp-content\/uploads\/2025\/05\/Catalogo-VIAS-RESPIRATORIAS-rev.-0.0.pdf\"><span class=\"lakit-imagebox__title_text\">Cat\u00e1logo de V\u00edas Respiratorias<\/span><\/a><\/h3><\/div><div class=\"lakit-iconbox__button_wrapper\"><a href=\"https:\/\/gruposilmag.com\/wp-content\/uploads\/2025\/05\/Catalogo-VIAS-RESPIRATORIAS-rev.-0.0.pdf\" class=\"elementor-button-link elementor-button elementor-btn-align-icon-\"><span class=\"elementor-button-content-wrapper e-icon-align-\"><span class=\"elementor-button-text\">Descargar<\/span><\/span><\/a><\/div><\/div><\/div>\t\t\t\t<\/div>\n\t\t\t\t\t<\/div>\n\t\t\t\t<\/div>\n\t\t\t\t<\/div>","protected":false},"excerpt":{"rendered":"<p>Cat\u00e1logo Digital Cat\u00e1logo de productos Descargar Product Catalogue Download Cat\u00e1logo de Accesos Vasculares Descargar Cat\u00e1logo de V\u00edas Digestivas Descargar Cat\u00e1logo de V\u00edas Respiratorias Descargar<\/p>","protected":false},"author":1,"featured_media":0,"parent":0,"menu_order":0,"comment_status":"closed","ping_status":"closed","template":"","meta":{"om_disable_all_campaigns":false,"_monsterinsights_skip_tracking":false,"_monsterinsights_sitenote_active":false,"_monsterinsights_sitenote_note":"","_monsterinsights_sitenote_category":0,"_uf_show_specific_survey":0,"_uf_disable_surveys":false,"footnotes":""},"class_list":["post-2173","page","type-page","status-publish","hentry"],"aioseo_notices":[],"_links":{"self":[{"href":"https:\/\/gruposilmag.com\/en\/wp-json\/wp\/v2\/pages\/2173","targetHints":{"allow":["GET"]}}],"collection":[{"href":"https:\/\/gruposilmag.com\/en\/wp-json\/wp\/v2\/pages"}],"about":[{"href":"https:\/\/gruposilmag.com\/en\/wp-json\/wp\/v2\/types\/page"}],"author":[{"embeddable":true,"href":"https:\/\/gruposilmag.com\/en\/wp-json\/wp\/v2\/users\/1"}],"replies":[{"embeddable":true,"href":"https:\/\/gruposilmag.com\/en\/wp-json\/wp\/v2\/comments?post=2173"}],"version-history":[{"count":73,"href":"https:\/\/gruposilmag.com\/en\/wp-json\/wp\/v2\/pages\/2173\/revisions"}],"predecessor-version":[{"id":3182,"href":"https:\/\/gruposilmag.com\/en\/wp-json\/wp\/v2\/pages\/2173\/revisions\/3182"}],"wp:attachment":[{"href":"https:\/\/gruposilmag.com\/en\/wp-json\/wp\/v2\/media?parent=2173"}],"curies":[{"name":"wp","href":"https:\/\/api.w.org\/{rel}","templated":true}]}}