{"id":2189,"date":"2024-07-15T20:53:47","date_gmt":"2024-07-15T20:53:47","guid":{"rendered":"https:\/\/gruposilmag.com\/?page_id=2189"},"modified":"2024-11-01T14:51:05","modified_gmt":"2024-11-01T14:51:05","slug":"enlaces-utiles","status":"publish","type":"page","link":"https:\/\/gruposilmag.com\/en\/enlaces-utiles\/","title":{"rendered":"Enlaces \u00datiles"},"content":{"rendered":"<div data-elementor-type=\"wp-page\" data-elementor-id=\"2189\" class=\"elementor elementor-2189\">\n\t\t\t\t<div class=\"elementor-element elementor-element-eb33e62 e-flex e-con-boxed lakit-col-width-auto-no e-container e-root-container elementor-top-section e-con e-parent\" data-id=\"eb33e62\" data-element_type=\"container\" data-settings=\"{&quot;background_background&quot;:&quot;classic&quot;}\">\n\t\t\t\t\t<div class=\"e-con-inner\">\n\t\t\t\t<div class=\"elementor-element elementor-element-0bb78ba text-gradient elementor-widget elementor-widget-heading\" data-id=\"0bb78ba\" data-element_type=\"widget\" data-widget_type=\"heading.default\">\n\t\t\t\t<div class=\"elementor-widget-container\">\n\t\t\t\t\t<div class=\"elementor-heading-title elementor-size-default\">Enlaces \u00datiles<\/div>\t\t\t\t<\/div>\n\t\t\t\t<\/div>\n\t\t\t\t\t<\/div>\n\t\t\t\t<\/div>\n\t\t<div class=\"elementor-element elementor-element-0d1469a e-flex e-con-boxed lakit-col-width-auto-no e-container e-root-container elementor-top-section e-con e-parent\" data-id=\"0d1469a\" data-element_type=\"container\">\n\t\t\t\t\t<div class=\"e-con-inner\">\n\t\t<div class=\"elementor-element elementor-element-0c9a498 e-con-full e-flex lakit-col-width-auto-no e-container e-con e-child\" data-id=\"0c9a498\" data-element_type=\"container\">\n\t\t\t\t<div class=\"elementor-element elementor-element-f0f2d3e active-object-fit active-object-fit-true lakit-equal-height-disable elementor-widget lastudio-kit elementor-lakit-image-box\" data-id=\"f0f2d3e\" data-element_type=\"widget\" data-widget_type=\"lakit-image-box.default\">\n\t\t\t\t\t<div class=\"lakit-imagebox text-center lakit-imagebox__content-align-center simple-card\"><div class=\"lakit-imagebox__header figure__object_fit\"><img fetchpriority=\"high\" decoding=\"async\" width=\"370\" height=\"304\" src=\"https:\/\/gruposilmag.com\/wp-content\/uploads\/2024\/04\/drenajes-img.jpg\" class=\"lakit-imagebox__main_img attachment-full size-full wp-image-1581\" alt=\"\" \/><\/div><div class=\"lakit-imagebox__body\"><div class=\"lakit-imagebox__body_inner\"><h3 class=\"lakit-imagebox__title\"><a href=\"https:\/\/gruposilmag.com\/wp-content\/uploads\/2024\/07\/130_DIPTICO-SILMAG-DVE-plus-rev.0.5.pdf\"><span class=\"lakit-imagebox__title_text\">DVEPlus<\/span><\/a><\/h3><\/div><div class=\"lakit-iconbox__button_wrapper\"><a href=\"https:\/\/gruposilmag.com\/wp-content\/uploads\/2024\/07\/130_DIPTICO-SILMAG-DVE-plus-rev.0.5.pdf\" class=\"elementor-button-link elementor-button elementor-btn-align-icon-\"><span class=\"elementor-button-content-wrapper e-icon-align-\"><span class=\"elementor-button-text\">Descargar<\/span><\/span><\/a><\/div><\/div><\/div>\t\t\t\t<\/div>\n\t\t\t\t<\/div>\n\t\t<div class=\"elementor-element elementor-element-9e79b8c e-con-full e-flex lakit-col-width-auto-no e-container e-con e-child\" data-id=\"9e79b8c\" data-element_type=\"container\">\n\t\t\t\t<div class=\"elementor-element elementor-element-8b5915c active-object-fit active-object-fit-true lakit-equal-height-disable elementor-widget lastudio-kit elementor-lakit-image-box\" data-id=\"8b5915c\" data-element_type=\"widget\" data-widget_type=\"lakit-image-box.default\">\n\t\t\t\t\t<div class=\"lakit-imagebox text-center lakit-imagebox__content-align-center simple-card\"><div class=\"lakit-imagebox__header figure__object_fit\"><img decoding=\"async\" width=\"300\" height=\"300\" src=\"https:\/\/gruposilmag.com\/wp-content\/uploads\/2024\/07\/landing-300x300_Puerto-implantable-300x300-1.jpg\" class=\"lakit-imagebox__main_img attachment-full size-full wp-image-2198\" alt=\"\" srcset=\"https:\/\/gruposilmag.com\/wp-content\/uploads\/2024\/07\/landing-300x300_Puerto-implantable-300x300-1.jpg 300w, https:\/\/gruposilmag.com\/wp-content\/uploads\/2024\/07\/landing-300x300_Puerto-implantable-300x300-1-12x12.jpg 12w, https:\/\/gruposilmag.com\/wp-content\/uploads\/2024\/07\/landing-300x300_Puerto-implantable-300x300-1-100x100.jpg 100w\" sizes=\"(max-width: 300px) 100vw, 300px\" \/><\/div><div class=\"lakit-imagebox__body\"><div class=\"lakit-imagebox__body_inner\"><h3 class=\"lakit-imagebox__title\"><a href=\"https:\/\/gruposilmag.com\/wp-content\/uploads\/2024\/07\/1502_DIPTICO-SILMAG-Silport-rev.02.pdf\"><span class=\"lakit-imagebox__title_text\">SilPort Plus<\/span><\/a><\/h3><\/div><div class=\"lakit-iconbox__button_wrapper\"><a href=\"https:\/\/gruposilmag.com\/wp-content\/uploads\/2024\/07\/1502_DIPTICO-SILMAG-Silport-rev.02.pdf\" class=\"elementor-button-link elementor-button elementor-btn-align-icon-\"><span class=\"elementor-button-content-wrapper e-icon-align-\"><span class=\"elementor-button-text\">Descargar<\/span><\/span><\/a><\/div><\/div><\/div>\t\t\t\t<\/div>\n\t\t\t\t<\/div>\n\t\t<div class=\"elementor-element elementor-element-d0d4313 e-con-full e-flex lakit-col-width-auto-no e-container e-con e-child\" data-id=\"d0d4313\" data-element_type=\"container\">\n\t\t\t\t<div class=\"elementor-element elementor-element-5ed2515 active-object-fit active-object-fit-true lakit-equal-height-disable elementor-widget lastudio-kit elementor-lakit-image-box\" data-id=\"5ed2515\" data-element_type=\"widget\" data-widget_type=\"lakit-image-box.default\">\n\t\t\t\t\t<div class=\"lakit-imagebox text-center lakit-imagebox__content-align-center simple-card\"><div class=\"lakit-imagebox__header figure__object_fit\"><img decoding=\"async\" width=\"300\" height=\"200\" src=\"https:\/\/gruposilmag.com\/wp-content\/uploads\/2024\/07\/Imagen-de-Portada-PICC-Cateter-Percutaneo-con-Introductor-Pelable-1-300x200-1.jpg\" class=\"lakit-imagebox__main_img attachment-full size-full wp-image-2200\" alt=\"\" srcset=\"https:\/\/gruposilmag.com\/wp-content\/uploads\/2024\/07\/Imagen-de-Portada-PICC-Cateter-Percutaneo-con-Introductor-Pelable-1-300x200-1.jpg 300w, https:\/\/gruposilmag.com\/wp-content\/uploads\/2024\/07\/Imagen-de-Portada-PICC-Cateter-Percutaneo-con-Introductor-Pelable-1-300x200-1-18x12.jpg 18w\" sizes=\"(max-width: 300px) 100vw, 300px\" \/><\/div><div class=\"lakit-imagebox__body\"><div class=\"lakit-imagebox__body_inner\"><h3 class=\"lakit-imagebox__title\"><a href=\"https:\/\/gruposilmag.com\/wp-content\/uploads\/2024\/07\/Picc-Cateter-Percutaneo-con-Introductor-Pelable.pdf\"><span class=\"lakit-imagebox__title_text\">PICC Cat\u00e9ter Percut\u00e1neo con Introductor Pelable<\/span><\/a><\/h3><\/div><div class=\"lakit-iconbox__button_wrapper\"><a href=\"https:\/\/gruposilmag.com\/wp-content\/uploads\/2024\/07\/Picc-Cateter-Percutaneo-con-Introductor-Pelable.pdf\" class=\"elementor-button-link elementor-button elementor-btn-align-icon-\"><span class=\"elementor-button-content-wrapper e-icon-align-\"><span class=\"elementor-button-text\">Descargar<\/span><\/span><\/a><\/div><\/div><\/div>\t\t\t\t<\/div>\n\t\t\t\t<\/div>\n\t\t<div class=\"elementor-element elementor-element-971b025 e-con-full e-flex lakit-col-width-auto-no e-container e-con e-child\" data-id=\"971b025\" data-element_type=\"container\">\n\t\t\t\t<div class=\"elementor-element elementor-element-f6f8eb9 active-object-fit active-object-fit-true lakit-equal-height-disable elementor-widget lastudio-kit elementor-lakit-image-box\" data-id=\"f6f8eb9\" data-element_type=\"widget\" data-widget_type=\"lakit-image-box.default\">\n\t\t\t\t\t<div class=\"lakit-imagebox text-center lakit-imagebox__content-align-center simple-card\"><div class=\"lakit-imagebox__header figure__object_fit\"><img loading=\"lazy\" decoding=\"async\" width=\"300\" height=\"300\" src=\"https:\/\/gruposilmag.com\/wp-content\/uploads\/2024\/07\/landing-300x300_Epicutaneo-CAVA-300x300-1.jpg\" class=\"lakit-imagebox__main_img attachment-full size-full wp-image-2202\" alt=\"\" srcset=\"https:\/\/gruposilmag.com\/wp-content\/uploads\/2024\/07\/landing-300x300_Epicutaneo-CAVA-300x300-1.jpg 300w, https:\/\/gruposilmag.com\/wp-content\/uploads\/2024\/07\/landing-300x300_Epicutaneo-CAVA-300x300-1-12x12.jpg 12w, https:\/\/gruposilmag.com\/wp-content\/uploads\/2024\/07\/landing-300x300_Epicutaneo-CAVA-300x300-1-100x100.jpg 100w\" sizes=\"(max-width: 300px) 100vw, 300px\" \/><\/div><div class=\"lakit-imagebox__body\"><div class=\"lakit-imagebox__body_inner\"><h3 class=\"lakit-imagebox__title\"><a href=\"https:\/\/gruposilmag.com\/wp-content\/uploads\/2024\/07\/540-541-cateter-epc-cava-diptico_rev.00_compressed.pdf\"><span class=\"lakit-imagebox__title_text\">Cat\u00e9ter epicut\u00e1neo CAVA<\/span><\/a><\/h3><\/div><div class=\"lakit-iconbox__button_wrapper\"><a href=\"https:\/\/gruposilmag.com\/wp-content\/uploads\/2024\/07\/540-541-cateter-epc-cava-diptico_rev.00_compressed.pdf\" class=\"elementor-button-link elementor-button elementor-btn-align-icon-\"><span class=\"elementor-button-content-wrapper e-icon-align-\"><span class=\"elementor-button-text\">Descargar<\/span><\/span><\/a><\/div><\/div><\/div>\t\t\t\t<\/div>\n\t\t\t\t<\/div>\n\t\t<div class=\"elementor-element elementor-element-8d0eec4 e-con-full e-flex lakit-col-width-auto-no e-container e-con e-child\" data-id=\"8d0eec4\" data-element_type=\"container\">\n\t\t\t\t<div class=\"elementor-element elementor-element-498b1d1 active-object-fit active-object-fit-true lakit-equal-height-disable elementor-widget lastudio-kit elementor-lakit-image-box\" data-id=\"498b1d1\" data-element_type=\"widget\" data-widget_type=\"lakit-image-box.default\">\n\t\t\t\t\t<div class=\"lakit-imagebox text-center lakit-imagebox__content-align-center simple-card\"><div class=\"lakit-imagebox__header figure__object_fit\"><img loading=\"lazy\" decoding=\"async\" width=\"420\" height=\"280\" src=\"https:\/\/gruposilmag.com\/wp-content\/uploads\/2024\/07\/Imagen-Portada-SemiCath-1-420x280-1.jpg\" class=\"lakit-imagebox__main_img attachment-full size-full wp-image-2203\" alt=\"\" srcset=\"https:\/\/gruposilmag.com\/wp-content\/uploads\/2024\/07\/Imagen-Portada-SemiCath-1-420x280-1.jpg 420w, https:\/\/gruposilmag.com\/wp-content\/uploads\/2024\/07\/Imagen-Portada-SemiCath-1-420x280-1-18x12.jpg 18w\" sizes=\"(max-width: 420px) 100vw, 420px\" \/><\/div><div class=\"lakit-imagebox__body\"><div class=\"lakit-imagebox__body_inner\"><h3 class=\"lakit-imagebox__title\"><a href=\"https:\/\/gruposilmag.com\/wp-content\/uploads\/2024\/07\/660_-diptico-Semicath-Kit-cateter-venoso-central-de-larga-permanencia_rev.00-1_compressed.pdf\"><span class=\"lakit-imagebox__title_text\">SemiCath<\/span><\/a><\/h3><\/div><div class=\"lakit-iconbox__button_wrapper\"><a href=\"https:\/\/gruposilmag.com\/wp-content\/uploads\/2024\/07\/660_-diptico-Semicath-Kit-cateter-venoso-central-de-larga-permanencia_rev.00-1_compressed.pdf\" class=\"elementor-button-link elementor-button elementor-btn-align-icon-\"><span class=\"elementor-button-content-wrapper e-icon-align-\"><span class=\"elementor-button-text\">Descargar<\/span><\/span><\/a><\/div><\/div><\/div>\t\t\t\t<\/div>\n\t\t\t\t<\/div>\n\t\t<div class=\"elementor-element elementor-element-2d5ded7 e-con-full e-flex lakit-col-width-auto-no e-container e-con e-child\" data-id=\"2d5ded7\" data-element_type=\"container\">\n\t\t\t\t<div class=\"elementor-element elementor-element-fb60879 active-object-fit active-object-fit-true lakit-equal-height-disable elementor-widget lastudio-kit elementor-lakit-image-box\" data-id=\"fb60879\" data-element_type=\"widget\" data-widget_type=\"lakit-image-box.default\">\n\t\t\t\t\t<div class=\"lakit-imagebox text-center lakit-imagebox__content-align-center simple-card\"><div class=\"lakit-imagebox__header figure__object_fit\"><img loading=\"lazy\" decoding=\"async\" width=\"300\" height=\"300\" src=\"https:\/\/gruposilmag.com\/wp-content\/uploads\/2024\/07\/landing-300x300_BITA-PICC-300x300-1.jpg\" class=\"lakit-imagebox__main_img attachment-full size-full wp-image-2205\" alt=\"\" srcset=\"https:\/\/gruposilmag.com\/wp-content\/uploads\/2024\/07\/landing-300x300_BITA-PICC-300x300-1.jpg 300w, https:\/\/gruposilmag.com\/wp-content\/uploads\/2024\/07\/landing-300x300_BITA-PICC-300x300-1-12x12.jpg 12w, https:\/\/gruposilmag.com\/wp-content\/uploads\/2024\/07\/landing-300x300_BITA-PICC-300x300-1-100x100.jpg 100w\" sizes=\"(max-width: 300px) 100vw, 300px\" \/><\/div><div class=\"lakit-imagebox__body\"><div class=\"lakit-imagebox__body_inner\"><h3 class=\"lakit-imagebox__title\"><a href=\"https:\/\/gruposilmag.com\/wp-content\/uploads\/2024\/07\/BITA-DIPTICO-folleto-informativo_rev.08.pdf\"><span class=\"lakit-imagebox__title_text\">BITA PICC<\/span><\/a><\/h3><\/div><div class=\"lakit-iconbox__button_wrapper\"><a href=\"https:\/\/gruposilmag.com\/wp-content\/uploads\/2024\/07\/BITA-DIPTICO-folleto-informativo_rev.08.pdf\" class=\"elementor-button-link elementor-button elementor-btn-align-icon-\"><span class=\"elementor-button-content-wrapper e-icon-align-\"><span class=\"elementor-button-text\">Descargar<\/span><\/span><\/a><\/div><\/div><\/div>\t\t\t\t<\/div>\n\t\t\t\t<\/div>\n\t\t<div class=\"elementor-element elementor-element-1986ca0 e-con-full e-flex lakit-col-width-auto-no e-container e-con e-child\" data-id=\"1986ca0\" data-element_type=\"container\">\n\t\t\t\t<div class=\"elementor-element elementor-element-f6e5c3c active-object-fit active-object-fit-true lakit-equal-height-disable elementor-widget lastudio-kit elementor-lakit-image-box\" data-id=\"f6e5c3c\" data-element_type=\"widget\" data-widget_type=\"lakit-image-box.default\">\n\t\t\t\t\t<div class=\"lakit-imagebox text-center lakit-imagebox__content-align-center simple-card\"><div class=\"lakit-imagebox__header figure__object_fit\"><img loading=\"lazy\" decoding=\"async\" width=\"600\" height=\"600\" src=\"https:\/\/gruposilmag.com\/wp-content\/uploads\/2024\/07\/Imagen-portada-544-600x600-1.jpg\" class=\"lakit-imagebox__main_img attachment-full size-full wp-image-2207\" alt=\"\" srcset=\"https:\/\/gruposilmag.com\/wp-content\/uploads\/2024\/07\/Imagen-portada-544-600x600-1.jpg 600w, https:\/\/gruposilmag.com\/wp-content\/uploads\/2024\/07\/Imagen-portada-544-600x600-1-12x12.jpg 12w, https:\/\/gruposilmag.com\/wp-content\/uploads\/2024\/07\/Imagen-portada-544-600x600-1-100x100.jpg 100w\" sizes=\"(max-width: 600px) 100vw, 600px\" \/><\/div><div class=\"lakit-imagebox__body\"><div class=\"lakit-imagebox__body_inner\"><h3 class=\"lakit-imagebox__title\"><a href=\"https:\/\/gruposilmag.com\/wp-content\/uploads\/2024\/07\/544-Cateterer-Umbilical-Arterial-Simple-y-Doble-diptco_-rev.00_c.pdf\"><span class=\"lakit-imagebox__title_text\">Cat\u00e9ter Umbilical Arterial<\/span><\/a><\/h3><\/div><div class=\"lakit-iconbox__button_wrapper\"><a href=\"https:\/\/gruposilmag.com\/wp-content\/uploads\/2024\/07\/544-Cateterer-Umbilical-Arterial-Simple-y-Doble-diptco_-rev.00_c.pdf\" class=\"elementor-button-link elementor-button elementor-btn-align-icon-\"><span class=\"elementor-button-content-wrapper e-icon-align-\"><span class=\"elementor-button-text\">Descargar<\/span><\/span><\/a><\/div><\/div><\/div>\t\t\t\t<\/div>\n\t\t\t\t<div class=\"elementor-element elementor-element-aced730 active-object-fit active-object-fit-true lakit-equal-height-disable elementor-widget lastudio-kit elementor-lakit-image-box\" data-id=\"aced730\" data-element_type=\"widget\" data-widget_type=\"lakit-image-box.default\">\n\t\t\t\t\t<div class=\"lakit-imagebox text-center lakit-imagebox__content-align-center simple-card\"><div class=\"lakit-imagebox__header figure__object_fit\"><img loading=\"lazy\" decoding=\"async\" width=\"2560\" height=\"1723\" src=\"https:\/\/gruposilmag.com\/wp-content\/uploads\/2024\/08\/canula-fotomontaje-solapa-scaled.jpg\" class=\"lakit-imagebox__main_img attachment-full size-full wp-image-2379\" alt=\"\" srcset=\"https:\/\/gruposilmag.com\/wp-content\/uploads\/2024\/08\/canula-fotomontaje-solapa-scaled.jpg 2560w, https:\/\/gruposilmag.com\/wp-content\/uploads\/2024\/08\/canula-fotomontaje-solapa-1536x1034.jpg 1536w, https:\/\/gruposilmag.com\/wp-content\/uploads\/2024\/08\/canula-fotomontaje-solapa-2048x1378.jpg 2048w, https:\/\/gruposilmag.com\/wp-content\/uploads\/2024\/08\/canula-fotomontaje-solapa-18x12.jpg 18w\" sizes=\"(max-width: 2560px) 100vw, 2560px\" \/><\/div><div class=\"lakit-imagebox__body\"><div class=\"lakit-imagebox__body_inner\"><h3 class=\"lakit-imagebox__title\"><a href=\"https:\/\/gruposilmag.com\/wp-content\/uploads\/2024\/11\/catalogo-Digital-silmag-rev.-1.7-sin-numeracion-1_compressed.pdf\"><span class=\"lakit-imagebox__title_text\">Productos de Neonatolog\u00eda<\/span><\/a><\/h3><\/div><div class=\"lakit-iconbox__button_wrapper\"><a href=\"https:\/\/gruposilmag.com\/wp-content\/uploads\/2024\/11\/catalogo-Digital-silmag-rev.-1.7-sin-numeracion-1_compressed.pdf\" class=\"elementor-button-link elementor-button elementor-btn-align-icon-\"><span class=\"elementor-button-content-wrapper e-icon-align-\"><span class=\"elementor-button-text\">Descargar<\/span><\/span><\/a><\/div><\/div><\/div>\t\t\t\t<\/div>\n\t\t\t\t<\/div>\n\t\t<div class=\"elementor-element elementor-element-f4f2b01 e-con-full e-flex lakit-col-width-auto-no e-container e-con e-child\" data-id=\"f4f2b01\" data-element_type=\"container\">\n\t\t\t\t<div class=\"elementor-element elementor-element-6558eb6 active-object-fit active-object-fit-true lakit-equal-height-disable elementor-widget lastudio-kit elementor-lakit-image-box\" data-id=\"6558eb6\" data-element_type=\"widget\" data-widget_type=\"lakit-image-box.default\">\n\t\t\t\t\t<div class=\"lakit-imagebox text-center lakit-imagebox__content-align-center simple-card\"><div class=\"lakit-imagebox__header figure__object_fit\"><img loading=\"lazy\" decoding=\"async\" width=\"598\" height=\"598\" src=\"https:\/\/gruposilmag.com\/wp-content\/uploads\/2024\/07\/Canula-PNG.jpg\" class=\"lakit-imagebox__main_img attachment-full size-full wp-image-2209\" alt=\"\" srcset=\"https:\/\/gruposilmag.com\/wp-content\/uploads\/2024\/07\/Canula-PNG.jpg 598w, https:\/\/gruposilmag.com\/wp-content\/uploads\/2024\/07\/Canula-PNG-12x12.jpg 12w, https:\/\/gruposilmag.com\/wp-content\/uploads\/2024\/07\/Canula-PNG-100x100.jpg 100w\" sizes=\"(max-width: 598px) 100vw, 598px\" \/><\/div><div class=\"lakit-imagebox__body\"><div class=\"lakit-imagebox__body_inner\"><h3 class=\"lakit-imagebox__title\"><a href=\"https:\/\/gruposilmag.com\/wp-content\/uploads\/2024\/07\/SilFlow-Junior.pdf\"><span class=\"lakit-imagebox__title_text\">SilFlow Junior<\/span><\/a><\/h3><\/div><div class=\"lakit-iconbox__button_wrapper\"><a href=\"https:\/\/gruposilmag.com\/wp-content\/uploads\/2024\/07\/SilFlow-Junior.pdf\" class=\"elementor-button-link elementor-button elementor-btn-align-icon-\"><span class=\"elementor-button-content-wrapper e-icon-align-\"><span class=\"elementor-button-text\">Descargar<\/span><\/span><\/a><\/div><\/div><\/div>\t\t\t\t<\/div>\n\t\t\t\t<\/div>\n\t\t<div class=\"elementor-element elementor-element-207fe50 e-con-full e-flex lakit-col-width-auto-no e-container e-con e-child\" data-id=\"207fe50\" data-element_type=\"container\">\n\t\t\t\t<div class=\"elementor-element elementor-element-ac63ab1 active-object-fit active-object-fit-true lakit-equal-height-disable elementor-widget lastudio-kit elementor-lakit-image-box\" data-id=\"ac63ab1\" data-element_type=\"widget\" data-widget_type=\"lakit-image-box.default\">\n\t\t\t\t\t<div class=\"lakit-imagebox text-center lakit-imagebox__content-align-center simple-card\"><div class=\"lakit-imagebox__header figure__object_fit\"><img loading=\"lazy\" decoding=\"async\" width=\"420\" height=\"280\" src=\"https:\/\/gruposilmag.com\/wp-content\/uploads\/2024\/07\/Nuevas-590-420x280-1.jpg\" class=\"lakit-imagebox__main_img attachment-full size-full wp-image-2211\" alt=\"\" srcset=\"https:\/\/gruposilmag.com\/wp-content\/uploads\/2024\/07\/Nuevas-590-420x280-1.jpg 420w, https:\/\/gruposilmag.com\/wp-content\/uploads\/2024\/07\/Nuevas-590-420x280-1-18x12.jpg 18w\" sizes=\"(max-width: 420px) 100vw, 420px\" \/><\/div><div class=\"lakit-imagebox__body\"><div class=\"lakit-imagebox__body_inner\"><h3 class=\"lakit-imagebox__title\"><a href=\"https:\/\/gruposilmag.com\/wp-content\/uploads\/2024\/07\/590_DIPTICO-SILMAG-CATIV-rev.0.0.pdf\"><span class=\"lakit-imagebox__title_text\">CATIV Sistema de Cat\u00e9ter Intravenoso Cerrado con Doble Puerto<\/span><\/a><\/h3><\/div><div class=\"lakit-iconbox__button_wrapper\"><a href=\"https:\/\/gruposilmag.com\/wp-content\/uploads\/2024\/07\/590_DIPTICO-SILMAG-CATIV-rev.0.0.pdf\" class=\"elementor-button-link elementor-button elementor-btn-align-icon-\"><span class=\"elementor-button-content-wrapper e-icon-align-\"><span class=\"elementor-button-text\">Descargar<\/span><\/span><\/a><\/div><\/div><\/div>\t\t\t\t<\/div>\n\t\t\t\t<\/div>\n\t\t\t\t\t<\/div>\n\t\t\t\t<\/div>\n\t\t<div class=\"elementor-element elementor-element-d3e3113 e-flex e-con-boxed lakit-col-width-auto-no e-container e-root-container elementor-top-section e-con e-parent\" data-id=\"d3e3113\" data-element_type=\"container\">\n\t\t\t\t\t<div class=\"e-con-inner\">\n\t\t\t\t\t<\/div>\n\t\t\t\t<\/div>\n\t\t\t\t<\/div>","protected":false},"excerpt":{"rendered":"<p>Enlaces \u00datiles DVEPlus Descargar SilPort Plus Descargar PICC Cat\u00e9ter Percut\u00e1neo con Introductor Pelable Descargar Cat\u00e9ter epicut\u00e1neo CAVA Descargar SemiCath Descargar BITA PICC Descargar Cat\u00e9ter Umbilical Arterial Descargar Productos de Neonatolog\u00eda Descargar SilFlow Junior Descargar CATIV Sistema de Cat\u00e9ter Intravenoso Cerrado con Doble Puerto Descargar<\/p>","protected":false},"author":1,"featured_media":0,"parent":0,"menu_order":0,"comment_status":"closed","ping_status":"closed","template":"","meta":{"om_disable_all_campaigns":false,"_monsterinsights_skip_tracking":false,"_monsterinsights_sitenote_active":false,"_monsterinsights_sitenote_note":"","_monsterinsights_sitenote_category":0,"_uf_show_specific_survey":0,"_uf_disable_surveys":false,"footnotes":""},"class_list":["post-2189","page","type-page","status-publish","hentry"],"aioseo_notices":[],"_links":{"self":[{"href":"https:\/\/gruposilmag.com\/en\/wp-json\/wp\/v2\/pages\/2189","targetHints":{"allow":["GET"]}}],"collection":[{"href":"https:\/\/gruposilmag.com\/en\/wp-json\/wp\/v2\/pages"}],"about":[{"href":"https:\/\/gruposilmag.com\/en\/wp-json\/wp\/v2\/types\/page"}],"author":[{"embeddable":true,"href":"https:\/\/gruposilmag.com\/en\/wp-json\/wp\/v2\/users\/1"}],"replies":[{"embeddable":true,"href":"https:\/\/gruposilmag.com\/en\/wp-json\/wp\/v2\/comments?post=2189"}],"version-history":[{"count":7,"href":"https:\/\/gruposilmag.com\/en\/wp-json\/wp\/v2\/pages\/2189\/revisions"}],"predecessor-version":[{"id":2804,"href":"https:\/\/gruposilmag.com\/en\/wp-json\/wp\/v2\/pages\/2189\/revisions\/2804"}],"wp:attachment":[{"href":"https:\/\/gruposilmag.com\/en\/wp-json\/wp\/v2\/media?parent=2189"}],"curies":[{"name":"wp","href":"https:\/\/api.w.org\/{rel}","templated":true}]}}