{"id":2954,"date":"2024-12-27T18:46:25","date_gmt":"2024-12-27T18:46:25","guid":{"rendered":"https:\/\/gruposilmag.com\/?page_id=2954"},"modified":"2025-07-10T13:50:15","modified_gmt":"2025-07-10T13:50:15","slug":"analista-de-asuntos-regulatorios-y-marcacion-ce","status":"publish","type":"page","link":"https:\/\/gruposilmag.com\/en\/analista-de-asuntos-regulatorios-y-marcacion-ce\/","title":{"rendered":"Analista de asuntos regulatorios y marcaci\u00f3n CE"},"content":{"rendered":"<div data-elementor-type=\"wp-page\" data-elementor-id=\"2954\" class=\"elementor elementor-2954\">\n\t\t\t\t<div class=\"elementor-element elementor-element-30cb37d5 e-flex e-con-boxed lakit-col-width-auto-no e-container e-root-container elementor-top-section e-con e-parent\" data-id=\"30cb37d5\" data-element_type=\"container\" data-settings=\"{&quot;background_background&quot;:&quot;classic&quot;}\">\n\t\t\t\t\t<div class=\"e-con-inner\">\n\t\t\t\t<div class=\"elementor-element elementor-element-774d59f8 elementor-widget elementor-widget-heading\" data-id=\"774d59f8\" data-element_type=\"widget\" data-widget_type=\"heading.default\">\n\t\t\t\t<div class=\"elementor-widget-container\">\n\t\t\t\t\t<h1 class=\"elementor-heading-title elementor-size-default\">Trabaj\u00e1 con nosotros<\/h1>\t\t\t\t<\/div>\n\t\t\t\t<\/div>\n\t\t\t\t\t<\/div>\n\t\t\t\t<\/div>\n\t\t<div class=\"elementor-element elementor-element-325b05dc e-flex e-con-boxed lakit-col-width-auto-no e-container e-root-container elementor-top-section e-con e-parent\" data-id=\"325b05dc\" data-element_type=\"container\">\n\t\t\t\t\t<div class=\"e-con-inner\">\n\t\t\t\t<div class=\"elementor-element elementor-element-62501e elementor-widget elementor-widget-text-editor\" data-id=\"62501e\" data-element_type=\"widget\" data-widget_type=\"text-editor.default\">\n\t\t\t\t<div class=\"elementor-widget-container\">\n\t\t\t\t\t\t\t\t\t<h2>Detalle del puesto<\/h2><p>&#8211; <strong>Documentaci\u00f3n T\u00e9cnica:<\/strong>\u00a0Dise\u00f1ar y mantener actualizada la informaci\u00f3n t\u00e9cnica de productos seg\u00fan las normas del Reglamento Europeo de Dispositivos M\u00e9dicos y la ISO 13485.<br \/>&#8211; <strong>Regulaciones Internacionales:<\/strong>\u00a0Interpretar y aplicar normativas de la Uni\u00f3n Europea y los est\u00e1ndares internacionales asociados al marcado CE, incluyendo la gesti\u00f3n de riesgos seg\u00fan ISO 14971.<br \/>&#8211; <strong>Evaluaci\u00f3n de Conformidad:<\/strong>\u00a0Coordinar con organismos notificados para la obtenci\u00f3n del marcado CE. Participar en auditor\u00edas internas y externas relacionadas con la certificaci\u00f3n CE y el sistema de gesti\u00f3n de calidad.<br \/>&#8211; <strong>Gesti\u00f3n de Cambios:<\/strong>\u00a0Supervisar modificaciones en dise\u00f1o, fabricaci\u00f3n o documentaci\u00f3n t\u00e9cnica dentro del marco regulatorio.<br \/>&#8211; <strong>Ensayos y Validaciones:<\/strong> Coordinar y revisar las pruebas necesarias para la evaluaci\u00f3n de conformidad, incluyendo biocompatibilidad, estabilidad y ensayos t\u00e9cnicos. Colaborar con laboratorios internos y externos en la realizaci\u00f3n de estudios.<br \/>&#8211; <strong>Capacitaci\u00f3n:<\/strong>\u00a0Brindar soporte y formar a equipos internos sobre normativas y procesos asociados al marcado CE y la norma ISO 13485\u00a0Brindar soporte y formar a equipos internos sobre normativas y procesos asociados al marcado CE y la norma ISO 13485<\/p><h3>Requisitos<\/h3><ul><li>\u00a0Formaci\u00f3n Ingenier\u00eda Biom\u00e9dica, Farmacia, Lic. en qu\u00edmica farmac\u00e9utica.<\/li><li>Experiencia: 2 a\u00f1os en puestos similares.<\/li><li>Competencias: capacidad anal\u00edtica, innovaci\u00f3n, tolerancia a desaf\u00edos, orientaci\u00f3n al resultado y planificaci\u00f3n y organizaci\u00f3n.<\/li><\/ul>\t\t\t\t\t\t\t\t<\/div>\n\t\t\t\t<\/div>\n\t\t\t\t<div class=\"elementor-element elementor-element-4fbb0528 elementor-widget elementor-widget-heading\" data-id=\"4fbb0528\" data-element_type=\"widget\" data-widget_type=\"heading.default\">\n\t\t\t\t<div class=\"elementor-widget-container\">\n\t\t\t\t\t<h2 class=\"elementor-heading-title elementor-size-default\">Dejanos tu CV<\/h2>\t\t\t\t<\/div>\n\t\t\t\t<\/div>\n\t\t\t\t<div class=\"elementor-element elementor-element-ebd84c8 elementor-widget lastudio-kit elementor-lakit-contactform7\" data-id=\"ebd84c8\" data-element_type=\"widget\" data-widget_type=\"lakit-contactform7.default\">\n\t\t\t\t\t\n<div class=\"wpcf7 no-js\" id=\"wpcf7-f786-o1\" lang=\"en-US\" dir=\"ltr\" data-wpcf7-id=\"786\">\n<div class=\"screen-reader-response\"><p role=\"status\" aria-live=\"polite\" aria-atomic=\"true\"><\/p> <ul><\/ul><\/div>\n<form action=\"\/en\/wp-json\/wp\/v2\/pages\/2954#wpcf7-f786-o1\" method=\"post\" class=\"wpcf7-form init\" aria-label=\"Contact form\" enctype=\"multipart\/form-data\" novalidate=\"novalidate\" data-status=\"init\" data-trp-original-action=\"\/en\/wp-json\/wp\/v2\/pages\/2954#wpcf7-f786-o1\">\n<fieldset class=\"hidden-fields-container\"><input type=\"hidden\" name=\"_wpcf7\" value=\"786\" \/><input type=\"hidden\" name=\"_wpcf7_version\" value=\"6.1\" \/><input type=\"hidden\" name=\"_wpcf7_locale\" value=\"en_US\" \/><input type=\"hidden\" name=\"_wpcf7_unit_tag\" value=\"wpcf7-f786-o1\" \/><input type=\"hidden\" name=\"_wpcf7_container_post\" value=\"0\" \/><input type=\"hidden\" name=\"_wpcf7_posted_data_hash\" value=\"\" \/><input type=\"hidden\" name=\"_wpcf7_recaptcha_response\" value=\"\" \/>\n<\/fieldset>\n<div class=\"lakit-row\">\n<div class=\"lakit-col\"><span class=\"wpcf7-form-control-wrap\" data-name=\"your-job\"><input size=\"40\" maxlength=\"400\" class=\"wpcf7-form-control wpcf7-text wpcf7-validates-as-required\" autocomplete=\"name\" aria-required=\"true\" aria-invalid=\"false\" placeholder=\"Trabajo a postular*\" value=\"\" type=\"text\" name=\"your-job\" \/><\/span><\/div>\n<div class=\"lakit-col\"><span class=\"wpcf7-form-control-wrap\" data-name=\"your-name\"><input size=\"40\" maxlength=\"400\" class=\"wpcf7-form-control wpcf7-text wpcf7-validates-as-required\" autocomplete=\"name\" aria-required=\"true\" aria-invalid=\"false\" placeholder=\"Nombre y Apellido*\" value=\"\" type=\"text\" name=\"your-name\" \/><\/span><\/div>\n<\/div>\n<div class=\"lakit-row\">\n<div class=\"lakit-col\"><span class=\"wpcf7-form-control-wrap\" data-name=\"your-email\"><input size=\"40\" maxlength=\"400\" class=\"wpcf7-form-control wpcf7-email wpcf7-validates-as-required wpcf7-text wpcf7-validates-as-email\" autocomplete=\"email\" aria-required=\"true\" aria-invalid=\"false\" placeholder=\"Email*\" value=\"\" type=\"email\" name=\"your-email\" \/><\/span><\/div>\n<div class=\"lakit-col\"><span class=\"wpcf7-form-control-wrap\" data-name=\"your-phone\"><input size=\"40\" maxlength=\"400\" class=\"wpcf7-form-control wpcf7-text wpcf7-validates-as-required\" autocomplete=\"phone\" aria-required=\"true\" aria-invalid=\"false\" placeholder=\"Tel\u00e9fono*\" value=\"\" type=\"text\" name=\"your-phone\" \/><\/span><\/div>\n<\/div>\n<div class=\"lakit-row\">\n<div class=\"lakit-col\">\n<div class=\"lakit-row\">\n<span class=\"wpcf7-form-control-wrap\" data-name=\"archivo\"><input size=\"40\" class=\"wpcf7-form-control wpcf7-file wpcf7-validates-as-required\" accept=\".pdf,.txt,.docs,.docx\" aria-required=\"true\" aria-invalid=\"false\" type=\"file\" name=\"archivo\" \/><\/span>\n\n<\/div>\n<\/div>\n<\/div>\n<div class=\"lakit-row\">\n<div class=\"lakit-col text-center\"><input class=\"wpcf7-form-control wpcf7-submit has-spinner\" type=\"submit\" value=\"Postularse\" \/><\/div>\n<\/div><div class=\"wpcf7-response-output\" aria-hidden=\"true\"><\/div>\n<input type=\"hidden\" name=\"trp-form-language\" value=\"en\"\/><\/form>\n<\/div>\n\t\t\t\t<\/div>\n\t\t\t\t\t<\/div>\n\t\t\t\t<\/div>\n\t\t\t\t<\/div>","protected":false},"excerpt":{"rendered":"<p>Trabaj\u00e1 con nosotros Detalle del puesto &#8211; Documentaci\u00f3n T\u00e9cnica:\u00a0Dise\u00f1ar y mantener actualizada la informaci\u00f3n t\u00e9cnica de productos seg\u00fan las normas del Reglamento Europeo de Dispositivos M\u00e9dicos y la ISO 13485.&#8211; Regulaciones Internacionales:\u00a0Interpretar y aplicar normativas de la Uni\u00f3n Europea y los est\u00e1ndares internacionales asociados al marcado CE, incluyendo la gesti\u00f3n de&hellip;<\/p>","protected":false},"author":1,"featured_media":0,"parent":0,"menu_order":0,"comment_status":"closed","ping_status":"closed","template":"","meta":{"om_disable_all_campaigns":false,"_monsterinsights_skip_tracking":false,"_monsterinsights_sitenote_active":false,"_monsterinsights_sitenote_note":"","_monsterinsights_sitenote_category":0,"_uf_show_specific_survey":0,"_uf_disable_surveys":false,"footnotes":""},"class_list":["post-2954","page","type-page","status-publish","hentry"],"aioseo_notices":[],"_links":{"self":[{"href":"https:\/\/gruposilmag.com\/en\/wp-json\/wp\/v2\/pages\/2954","targetHints":{"allow":["GET"]}}],"collection":[{"href":"https:\/\/gruposilmag.com\/en\/wp-json\/wp\/v2\/pages"}],"about":[{"href":"https:\/\/gruposilmag.com\/en\/wp-json\/wp\/v2\/types\/page"}],"author":[{"embeddable":true,"href":"https:\/\/gruposilmag.com\/en\/wp-json\/wp\/v2\/users\/1"}],"replies":[{"embeddable":true,"href":"https:\/\/gruposilmag.com\/en\/wp-json\/wp\/v2\/comments?post=2954"}],"version-history":[{"count":4,"href":"https:\/\/gruposilmag.com\/en\/wp-json\/wp\/v2\/pages\/2954\/revisions"}],"predecessor-version":[{"id":2959,"href":"https:\/\/gruposilmag.com\/en\/wp-json\/wp\/v2\/pages\/2954\/revisions\/2959"}],"wp:attachment":[{"href":"https:\/\/gruposilmag.com\/en\/wp-json\/wp\/v2\/media?parent=2954"}],"curies":[{"name":"wp","href":"https:\/\/api.w.org\/{rel}","templated":true}]}}