{"id":3135,"date":"2025-04-17T17:32:06","date_gmt":"2025-04-17T17:32:06","guid":{"rendered":"https:\/\/gruposilmag.com\/?page_id=3135"},"modified":"2025-04-17T17:35:06","modified_gmt":"2025-04-17T17:35:06","slug":"ing-de-producto-y-diseno","status":"publish","type":"page","link":"https:\/\/gruposilmag.com\/en\/ing-de-producto-y-diseno\/","title":{"rendered":"Ing. De Producto y Dise\u00f1o"},"content":{"rendered":"<div data-elementor-type=\"wp-page\" data-elementor-id=\"3135\" class=\"elementor elementor-3135\">\n\t\t\t\t<div class=\"elementor-element elementor-element-6e14ab27 e-flex e-con-boxed lakit-col-width-auto-no e-container e-root-container elementor-top-section e-con e-parent\" data-id=\"6e14ab27\" data-element_type=\"container\" data-settings=\"{&quot;background_background&quot;:&quot;classic&quot;}\">\n\t\t\t\t\t<div class=\"e-con-inner\">\n\t\t\t\t<div class=\"elementor-element elementor-element-3eb8ecee elementor-widget elementor-widget-heading\" data-id=\"3eb8ecee\" data-element_type=\"widget\" data-widget_type=\"heading.default\">\n\t\t\t\t<div class=\"elementor-widget-container\">\n\t\t\t\t\t<h1 class=\"elementor-heading-title elementor-size-default\">Trabaj\u00e1 con nosotros<\/h1>\t\t\t\t<\/div>\n\t\t\t\t<\/div>\n\t\t\t\t\t<\/div>\n\t\t\t\t<\/div>\n\t\t<div class=\"elementor-element elementor-element-9b20ebb e-flex e-con-boxed lakit-col-width-auto-no e-container e-root-container elementor-top-section e-con e-parent\" data-id=\"9b20ebb\" data-element_type=\"container\">\n\t\t\t\t\t<div class=\"e-con-inner\">\n\t\t\t\t<div class=\"elementor-element elementor-element-32872560 elementor-widget elementor-widget-text-editor\" data-id=\"32872560\" data-element_type=\"widget\" data-widget_type=\"text-editor.default\">\n\t\t\t\t<div class=\"elementor-widget-container\">\n\t\t\t\t\t\t\t\t\t<h2 style=\"text-align: left;\">Detalle del puesto<\/h2><ul style=\"text-align: left;\" data-editing-info=\"{&quot;applyListStyleFromLevel&quot;:false,&quot;unorderedStyleType&quot;:2}\"><li><div data-olk-copy-source=\"MessageBody\">Desarrollar, optimizar y mejorar los productos existentes.<\/div><\/li><li><div>Preparar y actualizar la documentaci\u00f3n t\u00e9cnica de productos.<\/div><\/li><li><div>Modelar en 3D y 2D los productos y sus cambios<\/div><\/li><li><div>Gestionar la estructura de los productos en BEAS y SAP<\/div><\/li><li><div>Supervisar la fabricaci\u00f3n de prototipos y pruebas.<\/div><\/li><li><div>Coordinar con proveedores (internos o externos) de moldes y matrices.<\/div><\/li><\/ul><h3 style=\"text-align: left;\">Requisitos<\/h3><div style=\"text-align: left;\" data-olk-copy-source=\"MessageBody\">Formaci\u00f3n: Ingenier\u00eda Mec\u00e1nica, Ingenier\u00eda Industrial o Dise\u00f1ador Industrial.<\/div><div style=\"text-align: left;\">Otros conocimientos necesarios:<\/div><ul><li style=\"list-style-type: none; text-align: left;\"><ul><li style=\"list-style-type: none;\"><ul><li style=\"list-style-type: none;\"><ul><li style=\"list-style-type: none;\"><ul data-editing-info=\"{&quot;applyListStyleFromLevel&quot;:true}\"><li><div>Dibujo t\u00e9cnico y modelado 3D.<\/div><\/li><li><div>Conocimiento de procesos de fabricaci\u00f3n mec\u00e1nicos e inyecci\u00f3n de pl\u00e1stico<\/div>Conocimiento de materiales: pol\u00edmeros termopl\u00e1sticos, elast\u00f3meros termopl\u00e1sticos,elast\u00f3meros<\/li><li>Conocimientos b\u00e1sicos de dise\u00f1o de moldes y matrices.<\/li><li>Conocimiento b\u00e1sico de impresi\u00f3n 3D y prototipado r\u00e1pido.<\/li><li>Conocimiento de software de dise\u00f1o SolidWorks (excluyente).<\/li><li>Experiencia en Gesti\u00f3n de Proyectos.<\/li><\/ul><\/li><\/ul><\/li><\/ul><\/li><\/ul><\/li><li><div style=\"text-align: left;\">Competencias: Proactividad, compromiso, capacidad anal\u00edtica, tolerancia a desaf\u00edos, planificaci\u00f3n y organizaci\u00f3n.<\/div><\/li><\/ul>\t\t\t\t\t\t\t\t<\/div>\n\t\t\t\t<\/div>\n\t\t\t\t<div class=\"elementor-element elementor-element-6cf3f5de elementor-widget elementor-widget-heading\" data-id=\"6cf3f5de\" data-element_type=\"widget\" data-widget_type=\"heading.default\">\n\t\t\t\t<div class=\"elementor-widget-container\">\n\t\t\t\t\t<h2 class=\"elementor-heading-title elementor-size-default\">Dejanos tu CV<\/h2>\t\t\t\t<\/div>\n\t\t\t\t<\/div>\n\t\t\t\t<div class=\"elementor-element elementor-element-3c26bfad elementor-widget lastudio-kit elementor-lakit-contactform7\" data-id=\"3c26bfad\" data-element_type=\"widget\" data-widget_type=\"lakit-contactform7.default\">\n\t\t\t\t\t\n<div class=\"wpcf7 no-js\" id=\"wpcf7-f786-o1\" lang=\"en-US\" dir=\"ltr\" data-wpcf7-id=\"786\">\n<div class=\"screen-reader-response\"><p role=\"status\" aria-live=\"polite\" aria-atomic=\"true\"><\/p> <ul><\/ul><\/div>\n<form action=\"\/en\/wp-json\/wp\/v2\/pages\/3135#wpcf7-f786-o1\" method=\"post\" class=\"wpcf7-form init\" aria-label=\"Contact form\" enctype=\"multipart\/form-data\" novalidate=\"novalidate\" data-status=\"init\" data-trp-original-action=\"\/en\/wp-json\/wp\/v2\/pages\/3135#wpcf7-f786-o1\">\n<fieldset class=\"hidden-fields-container\"><input type=\"hidden\" name=\"_wpcf7\" value=\"786\" \/><input type=\"hidden\" name=\"_wpcf7_version\" value=\"6.1\" \/><input type=\"hidden\" name=\"_wpcf7_locale\" value=\"en_US\" \/><input type=\"hidden\" name=\"_wpcf7_unit_tag\" value=\"wpcf7-f786-o1\" \/><input type=\"hidden\" name=\"_wpcf7_container_post\" value=\"0\" \/><input type=\"hidden\" name=\"_wpcf7_posted_data_hash\" value=\"\" \/><input type=\"hidden\" name=\"_wpcf7_recaptcha_response\" value=\"\" \/>\n<\/fieldset>\n<div class=\"lakit-row\">\n<div class=\"lakit-col\"><span class=\"wpcf7-form-control-wrap\" data-name=\"your-job\"><input size=\"40\" maxlength=\"400\" class=\"wpcf7-form-control wpcf7-text wpcf7-validates-as-required\" autocomplete=\"name\" aria-required=\"true\" aria-invalid=\"false\" placeholder=\"Trabajo a postular*\" value=\"\" type=\"text\" name=\"your-job\" \/><\/span><\/div>\n<div class=\"lakit-col\"><span class=\"wpcf7-form-control-wrap\" data-name=\"your-name\"><input size=\"40\" maxlength=\"400\" class=\"wpcf7-form-control wpcf7-text wpcf7-validates-as-required\" autocomplete=\"name\" aria-required=\"true\" aria-invalid=\"false\" placeholder=\"Nombre y Apellido*\" value=\"\" type=\"text\" name=\"your-name\" \/><\/span><\/div>\n<\/div>\n<div class=\"lakit-row\">\n<div class=\"lakit-col\"><span class=\"wpcf7-form-control-wrap\" data-name=\"your-email\"><input size=\"40\" maxlength=\"400\" class=\"wpcf7-form-control wpcf7-email wpcf7-validates-as-required wpcf7-text wpcf7-validates-as-email\" autocomplete=\"email\" aria-required=\"true\" aria-invalid=\"false\" placeholder=\"Email*\" value=\"\" type=\"email\" name=\"your-email\" \/><\/span><\/div>\n<div class=\"lakit-col\"><span class=\"wpcf7-form-control-wrap\" data-name=\"your-phone\"><input size=\"40\" maxlength=\"400\" class=\"wpcf7-form-control wpcf7-text wpcf7-validates-as-required\" autocomplete=\"phone\" aria-required=\"true\" aria-invalid=\"false\" placeholder=\"Tel\u00e9fono*\" value=\"\" type=\"text\" name=\"your-phone\" \/><\/span><\/div>\n<\/div>\n<div class=\"lakit-row\">\n<div class=\"lakit-col\">\n<div class=\"lakit-row\">\n<span class=\"wpcf7-form-control-wrap\" data-name=\"archivo\"><input size=\"40\" class=\"wpcf7-form-control wpcf7-file wpcf7-validates-as-required\" accept=\".pdf,.txt,.docs,.docx\" aria-required=\"true\" aria-invalid=\"false\" type=\"file\" name=\"archivo\" \/><\/span>\n\n<\/div>\n<\/div>\n<\/div>\n<div class=\"lakit-row\">\n<div class=\"lakit-col text-center\"><input class=\"wpcf7-form-control wpcf7-submit has-spinner\" type=\"submit\" value=\"Postularse\" \/><\/div>\n<\/div><div class=\"wpcf7-response-output\" aria-hidden=\"true\"><\/div>\n<input type=\"hidden\" name=\"trp-form-language\" value=\"en\"\/><\/form>\n<\/div>\n\t\t\t\t<\/div>\n\t\t\t\t\t<\/div>\n\t\t\t\t<\/div>\n\t\t\t\t<\/div>","protected":false},"excerpt":{"rendered":"<p>Trabaj\u00e1 con nosotros Detalle del puesto Desarrollar, optimizar y mejorar los productos existentes. Preparar y actualizar la documentaci\u00f3n t\u00e9cnica de productos. Modelar en 3D y 2D los productos y sus cambios Gestionar la estructura de los productos en BEAS y SAP Supervisar la fabricaci\u00f3n de prototipos y pruebas. Coordinar con proveedores&hellip;<\/p>","protected":false},"author":1,"featured_media":0,"parent":0,"menu_order":0,"comment_status":"closed","ping_status":"closed","template":"","meta":{"om_disable_all_campaigns":false,"_monsterinsights_skip_tracking":false,"_monsterinsights_sitenote_active":false,"_monsterinsights_sitenote_note":"","_monsterinsights_sitenote_category":0,"_uf_show_specific_survey":0,"_uf_disable_surveys":false,"footnotes":""},"class_list":["post-3135","page","type-page","status-publish","hentry"],"aioseo_notices":[],"_links":{"self":[{"href":"https:\/\/gruposilmag.com\/en\/wp-json\/wp\/v2\/pages\/3135","targetHints":{"allow":["GET"]}}],"collection":[{"href":"https:\/\/gruposilmag.com\/en\/wp-json\/wp\/v2\/pages"}],"about":[{"href":"https:\/\/gruposilmag.com\/en\/wp-json\/wp\/v2\/types\/page"}],"author":[{"embeddable":true,"href":"https:\/\/gruposilmag.com\/en\/wp-json\/wp\/v2\/users\/1"}],"replies":[{"embeddable":true,"href":"https:\/\/gruposilmag.com\/en\/wp-json\/wp\/v2\/comments?post=3135"}],"version-history":[{"count":4,"href":"https:\/\/gruposilmag.com\/en\/wp-json\/wp\/v2\/pages\/3135\/revisions"}],"predecessor-version":[{"id":3140,"href":"https:\/\/gruposilmag.com\/en\/wp-json\/wp\/v2\/pages\/3135\/revisions\/3140"}],"wp:attachment":[{"href":"https:\/\/gruposilmag.com\/en\/wp-json\/wp\/v2\/media?parent=3135"}],"curies":[{"name":"wp","href":"https:\/\/api.w.org\/{rel}","templated":true}]}}