{"id":3155,"date":"2025-04-17T17:47:44","date_gmt":"2025-04-17T17:47:44","guid":{"rendered":"https:\/\/gruposilmag.com\/?page_id=3155"},"modified":"2025-08-15T12:52:17","modified_gmt":"2025-08-15T12:52:17","slug":"asesor-tecnico-comercial","status":"publish","type":"page","link":"https:\/\/gruposilmag.com\/en\/asesor-tecnico-comercial\/","title":{"rendered":"Asesor T\u00e9cnico Comercial"},"content":{"rendered":"<div data-elementor-type=\"wp-page\" data-elementor-id=\"3155\" class=\"elementor elementor-3155\">\n\t\t\t\t<div class=\"elementor-element elementor-element-1ac6e812 e-flex e-con-boxed lakit-col-width-auto-no e-container e-root-container elementor-top-section e-con e-parent\" data-id=\"1ac6e812\" data-element_type=\"container\" data-settings=\"{&quot;background_background&quot;:&quot;classic&quot;}\">\n\t\t\t\t\t<div class=\"e-con-inner\">\n\t\t\t\t<div class=\"elementor-element elementor-element-6eab13bf elementor-widget elementor-widget-heading\" data-id=\"6eab13bf\" data-element_type=\"widget\" data-widget_type=\"heading.default\">\n\t\t\t\t<div class=\"elementor-widget-container\">\n\t\t\t\t\t<h1 class=\"elementor-heading-title elementor-size-default\">Trabaj\u00e1 con nosotros<\/h1>\t\t\t\t<\/div>\n\t\t\t\t<\/div>\n\t\t\t\t\t<\/div>\n\t\t\t\t<\/div>\n\t\t<div class=\"elementor-element elementor-element-655ec645 e-flex e-con-boxed lakit-col-width-auto-no e-container e-root-container elementor-top-section e-con e-parent\" data-id=\"655ec645\" data-element_type=\"container\">\n\t\t\t\t\t<div class=\"e-con-inner\">\n\t\t\t\t<div class=\"elementor-element elementor-element-7bbb5b90 elementor-widget elementor-widget-text-editor\" data-id=\"7bbb5b90\" data-element_type=\"widget\" data-widget_type=\"text-editor.default\">\n\t\t\t\t<div class=\"elementor-widget-container\">\n\t\t\t\t\t\t\t\t\t<h2>Detalle del puesto<\/h2>\n<ul data-editing-info=\"{&quot;applyListStyleFromLevel&quot;:true}\">\n<li>\n<div data-olk-copy-source=\"MessageBody\">Planificar, coordinar y ejecutar capacitaciones de productos en instituciones m\u00e9dicas.&nbsp;<\/div>\n<\/li>\n<li>\n<div>Brindar soporte t\u00e9cnico al equipo comercial.<\/div>\n<\/li>\n<li>\n<div>Relevar oportunidades de mejora en productos y necesidades de los clientes<\/div>\n<\/li>\n<li>\n<div>Generar informes de consumos en instituciones, detectando oportunidades y desv\u00edos.<\/div>\n<\/li>\n<\/ul>\n<h3>Requisitos<\/h3>\n<ul>\n<li>\n<div data-olk-copy-source=\"MessageBody\">&nbsp;Formaci\u00f3n: Licenciado en enfermer\u00eda \/ Doctor en Enfermer\u00eda<\/div>\n<\/li>\n<li>\n<div>Experiencia: Enfermer\u00eda en instituciones de salud (p\u00fablicas o privadas), deseable en servicios de Neonatolog\u00eda y Pediatr\u00eda<\/div>\n<\/li>\n<li>Competencias Proactividad, compromiso, capacidad anal\u00edtica, tolerancia a desaf\u00edos, planificaci\u00f3n y organizaci\u00f3n.<\/li>\n<\/ul>\t\t\t\t\t\t\t\t<\/div>\n\t\t\t\t<\/div>\n\t\t\t\t<div class=\"elementor-element elementor-element-66b90593 elementor-widget elementor-widget-heading\" data-id=\"66b90593\" data-element_type=\"widget\" data-widget_type=\"heading.default\">\n\t\t\t\t<div class=\"elementor-widget-container\">\n\t\t\t\t\t<h2 class=\"elementor-heading-title elementor-size-default\">Dejanos tu CV<\/h2>\t\t\t\t<\/div>\n\t\t\t\t<\/div>\n\t\t\t\t<div class=\"elementor-element elementor-element-737cbbc5 elementor-widget lastudio-kit elementor-lakit-contactform7\" data-id=\"737cbbc5\" data-element_type=\"widget\" data-widget_type=\"lakit-contactform7.default\">\n\t\t\t\t\t\n<div class=\"wpcf7 no-js\" id=\"wpcf7-f786-o1\" lang=\"en-US\" dir=\"ltr\" data-wpcf7-id=\"786\">\n<div class=\"screen-reader-response\"><p role=\"status\" aria-live=\"polite\" aria-atomic=\"true\"><\/p> <ul><\/ul><\/div>\n<form action=\"\/en\/wp-json\/wp\/v2\/pages\/3155#wpcf7-f786-o1\" method=\"post\" class=\"wpcf7-form init\" aria-label=\"Contact form\" enctype=\"multipart\/form-data\" novalidate=\"novalidate\" data-status=\"init\" data-trp-original-action=\"\/en\/wp-json\/wp\/v2\/pages\/3155#wpcf7-f786-o1\">\n<fieldset class=\"hidden-fields-container\"><input type=\"hidden\" name=\"_wpcf7\" value=\"786\" \/><input type=\"hidden\" name=\"_wpcf7_version\" value=\"6.1\" \/><input type=\"hidden\" name=\"_wpcf7_locale\" value=\"en_US\" \/><input type=\"hidden\" name=\"_wpcf7_unit_tag\" value=\"wpcf7-f786-o1\" \/><input type=\"hidden\" name=\"_wpcf7_container_post\" value=\"0\" \/><input type=\"hidden\" name=\"_wpcf7_posted_data_hash\" value=\"\" \/><input type=\"hidden\" name=\"_wpcf7_recaptcha_response\" value=\"\" \/>\n<\/fieldset>\n<div class=\"lakit-row\">\n<div class=\"lakit-col\"><span class=\"wpcf7-form-control-wrap\" data-name=\"your-job\"><input size=\"40\" maxlength=\"400\" class=\"wpcf7-form-control wpcf7-text wpcf7-validates-as-required\" autocomplete=\"name\" aria-required=\"true\" aria-invalid=\"false\" placeholder=\"Trabajo a postular*\" value=\"\" type=\"text\" name=\"your-job\" \/><\/span><\/div>\n<div class=\"lakit-col\"><span class=\"wpcf7-form-control-wrap\" data-name=\"your-name\"><input size=\"40\" maxlength=\"400\" class=\"wpcf7-form-control wpcf7-text wpcf7-validates-as-required\" autocomplete=\"name\" aria-required=\"true\" aria-invalid=\"false\" placeholder=\"Nombre y Apellido*\" value=\"\" type=\"text\" name=\"your-name\" \/><\/span><\/div>\n<\/div>\n<div class=\"lakit-row\">\n<div class=\"lakit-col\"><span class=\"wpcf7-form-control-wrap\" data-name=\"your-email\"><input size=\"40\" maxlength=\"400\" class=\"wpcf7-form-control wpcf7-email wpcf7-validates-as-required wpcf7-text wpcf7-validates-as-email\" autocomplete=\"email\" aria-required=\"true\" aria-invalid=\"false\" placeholder=\"Email*\" value=\"\" type=\"email\" name=\"your-email\" \/><\/span><\/div>\n<div class=\"lakit-col\"><span class=\"wpcf7-form-control-wrap\" data-name=\"your-phone\"><input size=\"40\" maxlength=\"400\" class=\"wpcf7-form-control wpcf7-text wpcf7-validates-as-required\" autocomplete=\"phone\" aria-required=\"true\" aria-invalid=\"false\" placeholder=\"Tel\u00e9fono*\" value=\"\" type=\"text\" name=\"your-phone\" \/><\/span><\/div>\n<\/div>\n<div class=\"lakit-row\">\n<div class=\"lakit-col\">\n<div class=\"lakit-row\">\n<span class=\"wpcf7-form-control-wrap\" data-name=\"archivo\"><input size=\"40\" class=\"wpcf7-form-control wpcf7-file wpcf7-validates-as-required\" accept=\".pdf,.txt,.docs,.docx\" aria-required=\"true\" aria-invalid=\"false\" type=\"file\" name=\"archivo\" \/><\/span>\n\n<\/div>\n<\/div>\n<\/div>\n<div class=\"lakit-row\">\n<div class=\"lakit-col text-center\"><input class=\"wpcf7-form-control wpcf7-submit has-spinner\" type=\"submit\" value=\"Postularse\" \/><\/div>\n<\/div><div class=\"wpcf7-response-output\" aria-hidden=\"true\"><\/div>\n<input type=\"hidden\" name=\"trp-form-language\" value=\"en\"\/><\/form>\n<\/div>\n\t\t\t\t<\/div>\n\t\t\t\t\t<\/div>\n\t\t\t\t<\/div>\n\t\t\t\t<\/div>","protected":false},"excerpt":{"rendered":"<p>Trabaj\u00e1 con nosotros Detalle del puesto Planificar, coordinar y ejecutar capacitaciones de productos en instituciones m\u00e9dicas.&nbsp; Brindar soporte t\u00e9cnico al equipo comercial. Relevar oportunidades de mejora en productos y necesidades de los clientes Generar informes de consumos en instituciones, detectando oportunidades y desv\u00edos. Requisitos &nbsp;Formaci\u00f3n: Licenciado en enfermer\u00eda \/ Doctor en&hellip;<\/p>","protected":false},"author":1,"featured_media":0,"parent":0,"menu_order":0,"comment_status":"closed","ping_status":"closed","template":"","meta":{"om_disable_all_campaigns":false,"_monsterinsights_skip_tracking":false,"_monsterinsights_sitenote_active":false,"_monsterinsights_sitenote_note":"","_monsterinsights_sitenote_category":0,"_uf_show_specific_survey":0,"_uf_disable_surveys":false,"footnotes":""},"class_list":["post-3155","page","type-page","status-publish","hentry"],"aioseo_notices":[],"_links":{"self":[{"href":"https:\/\/gruposilmag.com\/en\/wp-json\/wp\/v2\/pages\/3155","targetHints":{"allow":["GET"]}}],"collection":[{"href":"https:\/\/gruposilmag.com\/en\/wp-json\/wp\/v2\/pages"}],"about":[{"href":"https:\/\/gruposilmag.com\/en\/wp-json\/wp\/v2\/types\/page"}],"author":[{"embeddable":true,"href":"https:\/\/gruposilmag.com\/en\/wp-json\/wp\/v2\/users\/1"}],"replies":[{"embeddable":true,"href":"https:\/\/gruposilmag.com\/en\/wp-json\/wp\/v2\/comments?post=3155"}],"version-history":[{"count":7,"href":"https:\/\/gruposilmag.com\/en\/wp-json\/wp\/v2\/pages\/3155\/revisions"}],"predecessor-version":[{"id":3285,"href":"https:\/\/gruposilmag.com\/en\/wp-json\/wp\/v2\/pages\/3155\/revisions\/3285"}],"wp:attachment":[{"href":"https:\/\/gruposilmag.com\/en\/wp-json\/wp\/v2\/media?parent=3155"}],"curies":[{"name":"wp","href":"https:\/\/api.w.org\/{rel}","templated":true}]}}