{"id":805,"date":"2023-09-28T08:13:54","date_gmt":"2023-09-28T08:13:54","guid":{"rendered":"https:\/\/qodex.store\/glowme\/?page_id=805"},"modified":"2026-02-27T13:23:52","modified_gmt":"2026-02-27T13:23:52","slug":"contactanos","status":"publish","type":"page","link":"https:\/\/gruposilmag.com\/en\/contactanos\/","title":{"rendered":"Contactanos"},"content":{"rendered":"<div data-elementor-type=\"wp-page\" data-elementor-id=\"805\" class=\"elementor elementor-805\">\n\t\t\t\t<div class=\"elementor-element elementor-element-a70ca2d e-flex e-con-boxed lakit-col-width-auto-no e-container e-root-container elementor-top-section e-con e-parent\" data-id=\"a70ca2d\" data-element_type=\"container\">\n\t\t\t\t\t<div class=\"e-con-inner\">\n\t\t<div class=\"elementor-element elementor-element-be78a44 e-con-full e-flex lakit-col-width-auto-no e-container e-con e-child\" data-id=\"be78a44\" data-element_type=\"container\">\n\t\t\t\t<div class=\"elementor-element elementor-element-3be86e4 title-hover elementor-widget elementor-widget-heading\" data-id=\"3be86e4\" data-element_type=\"widget\" data-widget_type=\"heading.default\">\n\t\t\t\t<div class=\"elementor-widget-container\">\n\t\t\t\t\t<div class=\"elementor-heading-title elementor-size-default\">Contacto<\/div>\t\t\t\t<\/div>\n\t\t\t\t<\/div>\n\t\t\t\t<div class=\"elementor-element elementor-element-497105d elementor-widget__width-initial elementor-widget elementor-widget-text-editor\" data-id=\"497105d\" data-element_type=\"widget\" data-widget_type=\"text-editor.default\">\n\t\t\t\t<div class=\"elementor-widget-container\">\n\t\t\t\t\t\t\t\t\t<p>Dejanos a continuaci\u00f3n tu consulta y un operador se pondr\u00e1 en contacto a la brevedad con toda la informaci\u00f3n disponible.<\/p>\t\t\t\t\t\t\t\t<\/div>\n\t\t\t\t<\/div>\n\t\t\t\t<div class=\"elementor-element elementor-element-20cac62 elementor-widget__width-inherit elementor-widget lastudio-kit elementor-lakit-contactform7\" data-id=\"20cac62\" data-element_type=\"widget\" data-widget_type=\"lakit-contactform7.default\">\n\t\t\t\t\t\n<div class=\"wpcf7 no-js\" id=\"wpcf7-f7-o1\" lang=\"en-US\" dir=\"ltr\" data-wpcf7-id=\"7\">\n<div class=\"screen-reader-response\"><p role=\"status\" aria-live=\"polite\" aria-atomic=\"true\"><\/p> <ul><\/ul><\/div>\n<form action=\"\/en\/wp-json\/wp\/v2\/pages\/805#wpcf7-f7-o1\" method=\"post\" class=\"wpcf7-form init\" aria-label=\"Contact form\" novalidate=\"novalidate\" data-status=\"init\" data-trp-original-action=\"\/en\/wp-json\/wp\/v2\/pages\/805#wpcf7-f7-o1\">\n<fieldset class=\"hidden-fields-container\"><input type=\"hidden\" name=\"_wpcf7\" value=\"7\" \/><input type=\"hidden\" name=\"_wpcf7_version\" value=\"6.1\" \/><input type=\"hidden\" name=\"_wpcf7_locale\" value=\"en_US\" \/><input type=\"hidden\" name=\"_wpcf7_unit_tag\" value=\"wpcf7-f7-o1\" \/><input type=\"hidden\" name=\"_wpcf7_container_post\" value=\"0\" \/><input type=\"hidden\" name=\"_wpcf7_posted_data_hash\" value=\"\" \/><input type=\"hidden\" name=\"_wpcf7_recaptcha_response\" value=\"\" \/>\n<\/fieldset>\n<div class=\"lakit-row\">\n<div class=\"lakit-col\"><span class=\"wpcf7-form-control-wrap\" data-name=\"your-name\"><input size=\"40\" maxlength=\"400\" class=\"wpcf7-form-control wpcf7-text wpcf7-validates-as-required\" autocomplete=\"name\" aria-required=\"true\" aria-invalid=\"false\" placeholder=\"Nombre*\" value=\"\" type=\"text\" name=\"your-name\" \/><\/span><\/div>\n<div class=\"lakit-col\"><span class=\"wpcf7-form-control-wrap\" data-name=\"your-email\"><input size=\"40\" maxlength=\"400\" class=\"wpcf7-form-control wpcf7-email wpcf7-validates-as-required wpcf7-text wpcf7-validates-as-email\" autocomplete=\"email\" aria-required=\"true\" aria-invalid=\"false\" placeholder=\"Email*\" value=\"\" type=\"email\" name=\"your-email\" \/><\/span><\/div>\n<\/div>\n<div class=\"lakit-row\">\n<div class=\"lakit-col\"><span class=\"wpcf7-form-control-wrap\" data-name=\"your-subject\"><input size=\"40\" maxlength=\"400\" class=\"wpcf7-form-control wpcf7-text\" aria-invalid=\"false\" placeholder=\"\u00bfEn qu\u00e9 podemos ayudarte?\" value=\"\" type=\"text\" name=\"your-subject\" \/><\/span><\/div>\n<\/div>\n<div class=\"lakit-row\">\n<div class=\"lakit-col\"><span class=\"wpcf7-form-control-wrap\" data-name=\"your-message\"><textarea cols=\"40\" rows=\"10\" maxlength=\"2000\" class=\"wpcf7-form-control wpcf7-textarea\" aria-invalid=\"false\" placeholder=\"Detallanos tu consulta\" name=\"your-message\"><\/textarea><\/span><\/div>\n<\/div>\n<div class=\"lakit-row\">\n<div class=\"lakit-col\"><input class=\"wpcf7-form-control wpcf7-submit has-spinner\" type=\"submit\" value=\"Envi\u00e1 tu mensaje\" \/><\/div>\n<\/div><div class=\"wpcf7-response-output\" aria-hidden=\"true\"><\/div>\n<input type=\"hidden\" name=\"trp-form-language\" value=\"en\"\/><\/form>\n<\/div>\n\t\t\t\t<\/div>\n\t\t\t\t<\/div>\n\t\t\t\t\t<\/div>\n\t\t\t\t<\/div>\n\t\t<div class=\"elementor-element elementor-element-8d44fef e-con-full e-flex lakit-col-width-auto-no e-container e-root-container elementor-top-section e-con e-parent\" data-id=\"8d44fef\" data-element_type=\"container\" data-settings=\"{&quot;background_background&quot;:&quot;classic&quot;}\">\n\t\t<div class=\"elementor-element elementor-element-3320bea e-con-full e-flex lakit-col-width-auto-no e-container e-con e-child\" data-id=\"3320bea\" data-element_type=\"container\">\n\t\t\t\t<div class=\"elementor-element elementor-element-7fee2d8 elementor-widget-tablet__width-inherit title-hover elementor-widget__width-inherit elementor-widget elementor-widget-heading\" data-id=\"7fee2d8\" data-element_type=\"widget\" data-widget_type=\"heading.default\">\n\t\t\t\t<div class=\"elementor-widget-container\">\n\t\t\t\t\t<h2 class=\"elementor-heading-title elementor-size-default\">Trabaj\u00e1 con nosotros<\/h2>\t\t\t\t<\/div>\n\t\t\t\t<\/div>\n\t\t\t\t<div class=\"elementor-element elementor-element-1138d47 elementor-widget__width-inherit elementor-widget-laptop__width-initial trabaja elementor-widget-tablet__width-initial elementor-widget elementor-widget-text-editor\" data-id=\"1138d47\" data-element_type=\"widget\" data-widget_type=\"text-editor.default\">\n\t\t\t\t<div class=\"elementor-widget-container\">\n\t\t\t\t\t\t\t\t\t<div>Si quer\u00e9s formar parte de esta familia, compartinos tu curriculum y s\u00e9 parte de una empresa que apuesta por la innovaci\u00f3n y el crecimiento.<\/div>\t\t\t\t\t\t\t\t<\/div>\n\t\t\t\t<\/div>\n\t\t\t\t<div class=\"elementor-element elementor-element-b317c7b elementor-align-left btn-gradient-reverse elementor-widget lastudio-kit elementor-lakit-button\" data-id=\"b317c7b\" data-element_type=\"widget\" data-widget_type=\"lakit-button.default\">\n\t\t\t\t\t        <a href=\"https:\/\/gruposilmag.com\/en\/nosotros\/#trabaja\" class=\"elementor-button-link elementor-button elementor-btn-align-icon- elementor-size-sm\" role=\"button\">\n                    <span class=\"elementor-button-content-wrapper\">\n\t\t\t\t\t\t<span class=\"elementor-button-text\">Ver M\u00e1s informaci\u00f3n<\/span>\n\t\t<\/span>\n                <\/a>\n        \t\t\t\t<\/div>\n\t\t\t\t<\/div>\n\t\t\t\t<\/div>\n\t\t<div class=\"elementor-element elementor-element-bec2698 e-con-full e-flex lakit-col-width-auto-no e-container e-root-container elementor-top-section e-con e-parent\" data-id=\"bec2698\" data-element_type=\"container\">\n\t\t<div class=\"elementor-element elementor-element-6ca674e e-con-full e-flex lakit-col-width-auto-no e-container e-con e-child\" data-id=\"6ca674e\" data-element_type=\"container\">\n\t\t\t\t<div class=\"elementor-element elementor-element-2cb0cb2 elementor-widget elementor-widget-google_maps\" data-id=\"2cb0cb2\" data-element_type=\"widget\" data-widget_type=\"google_maps.default\">\n\t\t\t\t<div class=\"elementor-widget-container\">\n\t\t\t\t\t\t\t<div class=\"elementor-custom-embed\">\n\t\t\t<iframe loading=\"lazy\"\n\t\t\t\t\tsrc=\"https:\/\/www.google.com\/maps\/embed\/v1\/place?key=AIzaSyDETuDcJyGmgSk_Wa6yLfehj3JeGSmUnWY&#038;q=%E2%80%A8Dino%20Office%20%E2%80%93%20Avda.%20Rodr%C3%ADguez%20del%20Busto%20N%C2%BA%204.086&#038;zoom=16\"\n\t\t\t\t\ttitle=\"\u2028Dino Office \u2013 Avda. Rodr\u00edguez del Busto N\u00ba 4.086\"\n\t\t\t\t\taria-label=\"\u2028Dino Office \u2013 Avda. Rodr\u00edguez del Busto N\u00ba 4.086\"\n\t\t\t><\/iframe>\n\t\t<\/div>\n\t\t\t\t\t\t<\/div>\n\t\t\t\t<\/div>\n\t\t\t\t<\/div>\n\t\t\t\t<\/div>\n\t\t\t\t<\/div>","protected":false},"excerpt":{"rendered":"<p>Contacto Dejanos a continuaci\u00f3n tu consulta y un operador se pondr\u00e1 en contacto a la brevedad con toda la informaci\u00f3n disponible. Trabaj\u00e1 con nosotros Si quer\u00e9s formar parte de esta familia, compartinos tu curriculum y s\u00e9 parte de una empresa que apuesta por la innovaci\u00f3n y el crecimiento. Ver M\u00e1s informaci\u00f3n<\/p>","protected":false},"author":1,"featured_media":0,"parent":0,"menu_order":0,"comment_status":"closed","ping_status":"closed","template":"","meta":{"om_disable_all_campaigns":false,"_monsterinsights_skip_tracking":false,"_monsterinsights_sitenote_active":false,"_monsterinsights_sitenote_note":"","_monsterinsights_sitenote_category":0,"_uf_show_specific_survey":0,"_uf_disable_surveys":false,"footnotes":""},"class_list":["post-805","page","type-page","status-publish","hentry"],"aioseo_notices":[],"_links":{"self":[{"href":"https:\/\/gruposilmag.com\/en\/wp-json\/wp\/v2\/pages\/805","targetHints":{"allow":["GET"]}}],"collection":[{"href":"https:\/\/gruposilmag.com\/en\/wp-json\/wp\/v2\/pages"}],"about":[{"href":"https:\/\/gruposilmag.com\/en\/wp-json\/wp\/v2\/types\/page"}],"author":[{"embeddable":true,"href":"https:\/\/gruposilmag.com\/en\/wp-json\/wp\/v2\/users\/1"}],"replies":[{"embeddable":true,"href":"https:\/\/gruposilmag.com\/en\/wp-json\/wp\/v2\/comments?post=805"}],"version-history":[{"count":35,"href":"https:\/\/gruposilmag.com\/en\/wp-json\/wp\/v2\/pages\/805\/revisions"}],"predecessor-version":[{"id":3498,"href":"https:\/\/gruposilmag.com\/en\/wp-json\/wp\/v2\/pages\/805\/revisions\/3498"}],"wp:attachment":[{"href":"https:\/\/gruposilmag.com\/en\/wp-json\/wp\/v2\/media?parent=805"}],"curies":[{"name":"wp","href":"https:\/\/api.w.org\/{rel}","templated":true}]}}