{"id":2269,"date":"2024-07-30T17:18:20","date_gmt":"2024-07-30T17:18:20","guid":{"rendered":"https:\/\/gruposilmag.com\/?post_type=product&#038;p=2269"},"modified":"2025-08-18T18:21:35","modified_gmt":"2025-08-18T18:21:35","slug":"cateter-epicutaneo-cava","status":"publish","type":"product","link":"https:\/\/gruposilmag.com\/en\/product\/cateter-epicutaneo-cava\/","title":{"rendered":"Cat\u00e9ter epicut\u00e1neo CAVA"},"content":{"rendered":"<p>\u2022 En el extremo del prolongador tiene un racor de conexi\u00f3n que permite la sujeci\u00f3n o la<br \/>\nseparaci\u00f3n del cat\u00e9ter radiopaco de forma sencilla, facilitando retirar el introductor butterfly.<br \/>\n\u2022 Larga permanencia, m\u00e1xima visualizaci\u00f3n con rayos X.<\/p>","protected":false},"excerpt":{"rendered":"<p>C\u00f3d. 540-541<\/p>\n<p>Producto dise\u00f1ado para la administraci\u00f3n de nutrici\u00f3n parenteral, soluciones hiperosmolares, infusi\u00f3n de drogas vasoactivas, soluciones intravenosas, en pacientes neonatales, lactantes y pedi\u00e1tricos que requieren tratamiento parenteral prolongado, pacientes con enterocolitis necrotizante (NEC), pacientes internados en unidades de cuidados intensivos, pacientes sometidos a cirug\u00edas que requieran ayunos prolongados, pacientes con alteraciones metab\u00f3licas.<\/p>\n<p>&nbsp;<\/p>\n<p><a href=\"https:\/\/gruposilmag.com\/wp-content\/uploads\/2025\/08\/Cod-540-541_Cateter-epicutaneo-cava_Rev.-1.1-.pdf\">VER M\u00c1S<\/a><\/p>","protected":false},"featured_media":2271,"template":"","meta":{"om_disable_all_campaigns":false,"_monsterinsights_skip_tracking":false,"_monsterinsights_sitenote_active":false,"_monsterinsights_sitenote_note":"","_monsterinsights_sitenote_category":0,"_uf_show_specific_survey":0,"_uf_disable_surveys":false},"product_brand":[],"product_cat":[57,110],"product_tag":[77,96],"class_list":{"0":"post-2269","1":"product","2":"type-product","3":"status-publish","4":"has-post-thumbnail","6":"product_cat-accesos-vasculares","7":"product_cat-neonatologia","8":"product_tag-accesos-vasculares","9":"product_tag-cateter","11":"first","12":"instock","13":"shipping-taxable","14":"product-type-simple"},"aioseo_notices":[],"_links":{"self":[{"href":"https:\/\/gruposilmag.com\/en\/wp-json\/wp\/v2\/product\/2269","targetHints":{"allow":["GET"]}}],"collection":[{"href":"https:\/\/gruposilmag.com\/en\/wp-json\/wp\/v2\/product"}],"about":[{"href":"https:\/\/gruposilmag.com\/en\/wp-json\/wp\/v2\/types\/product"}],"wp:featuredmedia":[{"embeddable":true,"href":"https:\/\/gruposilmag.com\/en\/wp-json\/wp\/v2\/media\/2271"}],"wp:attachment":[{"href":"https:\/\/gruposilmag.com\/en\/wp-json\/wp\/v2\/media?parent=2269"}],"wp:term":[{"taxonomy":"product_brand","embeddable":true,"href":"https:\/\/gruposilmag.com\/en\/wp-json\/wp\/v2\/product_brand?post=2269"},{"taxonomy":"product_cat","embeddable":true,"href":"https:\/\/gruposilmag.com\/en\/wp-json\/wp\/v2\/product_cat?post=2269"},{"taxonomy":"product_tag","embeddable":true,"href":"https:\/\/gruposilmag.com\/en\/wp-json\/wp\/v2\/product_tag?post=2269"}],"curies":[{"name":"wp","href":"https:\/\/api.w.org\/{rel}","templated":true}]}}