{"id":2273,"date":"2024-07-30T17:25:05","date_gmt":"2024-07-30T17:25:05","guid":{"rendered":"https:\/\/gruposilmag.com\/?post_type=product&#038;p=2273"},"modified":"2025-08-18T18:21:03","modified_gmt":"2025-08-18T18:21:03","slug":"cateter-umbilical-arterial-simple-y-doble-lumen","status":"publish","type":"product","link":"https:\/\/gruposilmag.com\/en\/product\/cateter-umbilical-arterial-simple-y-doble-lumen\/","title":{"rendered":"Cat\u00e9ter umbilical arterial simple y doble lumen"},"content":{"rendered":"<p>Principales ventajas:<\/p>\n<p>\u2022 Marcado por cent\u00edmetro desde los 4 cm hasta los 24 cm.<br \/>\n\u2022 El extremo redondeado disminuye el riesgo de lesi\u00f3n venosa.<br \/>\n\u2022 F\u00e1cil manipulaci\u00f3n y deslizamiento.<br \/>\n\u2022 La marcaci\u00f3n asegura el posicionamiento y mantenimiento durante el tratamiento.<\/p>","protected":false},"excerpt":{"rendered":"<p>C\u00f3d. 544 S \/ 544 D<\/p>\n<p>Producto dise\u00f1ado para pacientes neonatos que requieren internaci\u00f3n prolongada en unidades de cuidados intensivos neonatales. Reci\u00e9n nacidos de bajo peso al nacer. Prematuros extremos. Pacientes que requieren extracciones sangu\u00edneas frecuentes para valoraci\u00f3n del medio interno. Pacientes con hiperbilirrubinemia, que requieren exanguinotransfusi\u00f3n.<\/p>\n<p>&nbsp;<\/p>\n<p><a href=\"https:\/\/gruposilmag.com\/wp-content\/uploads\/2025\/08\/Cod.-544S_Cateter-umbilical-simple-lumen_Rev.-1.1.pdf.pdf.pdf\">VER M\u00c1S (simple l\u00famen)<\/a><\/p>\n<p>&nbsp;<\/p>\n<p><a href=\"https:\/\/gruposilmag.com\/wp-content\/uploads\/2025\/08\/Cod.-544D_Cateter-umbilical-doble-lumen_Rev.-1.1-.pdf.pdf.pdf\">VER M\u00c1S (doble l\u00famen)<\/a><\/p>","protected":false},"featured_media":2276,"template":"","meta":{"om_disable_all_campaigns":false,"_monsterinsights_skip_tracking":false,"_monsterinsights_sitenote_active":false,"_monsterinsights_sitenote_note":"","_monsterinsights_sitenote_category":0,"_uf_show_specific_survey":0,"_uf_disable_surveys":false},"product_brand":[],"product_cat":[57],"product_tag":[77,96,106,105],"class_list":{"0":"post-2273","1":"product","2":"type-product","3":"status-publish","4":"has-post-thumbnail","6":"product_cat-accesos-vasculares","7":"product_tag-accesos-vasculares","8":"product_tag-cateter","9":"product_tag-doble-lumen","10":"product_tag-simple-lumen","12":"first","13":"instock","14":"shipping-taxable","15":"product-type-simple"},"aioseo_notices":[],"_links":{"self":[{"href":"https:\/\/gruposilmag.com\/en\/wp-json\/wp\/v2\/product\/2273","targetHints":{"allow":["GET"]}}],"collection":[{"href":"https:\/\/gruposilmag.com\/en\/wp-json\/wp\/v2\/product"}],"about":[{"href":"https:\/\/gruposilmag.com\/en\/wp-json\/wp\/v2\/types\/product"}],"wp:featuredmedia":[{"embeddable":true,"href":"https:\/\/gruposilmag.com\/en\/wp-json\/wp\/v2\/media\/2276"}],"wp:attachment":[{"href":"https:\/\/gruposilmag.com\/en\/wp-json\/wp\/v2\/media?parent=2273"}],"wp:term":[{"taxonomy":"product_brand","embeddable":true,"href":"https:\/\/gruposilmag.com\/en\/wp-json\/wp\/v2\/product_brand?post=2273"},{"taxonomy":"product_cat","embeddable":true,"href":"https:\/\/gruposilmag.com\/en\/wp-json\/wp\/v2\/product_cat?post=2273"},{"taxonomy":"product_tag","embeddable":true,"href":"https:\/\/gruposilmag.com\/en\/wp-json\/wp\/v2\/product_tag?post=2273"}],"curies":[{"name":"wp","href":"https:\/\/api.w.org\/{rel}","templated":true}]}}