{"id":2277,"date":"2024-07-30T18:55:59","date_gmt":"2024-07-30T18:55:59","guid":{"rendered":"https:\/\/gruposilmag.com\/?post_type=product&#038;p=2277"},"modified":"2024-11-06T17:25:29","modified_gmt":"2024-11-06T17:25:29","slug":"bita-picc-cateter-para-canalizacion-endovenosa","status":"publish","type":"product","link":"https:\/\/gruposilmag.com\/en\/product\/bita-picc-cateter-para-canalizacion-endovenosa\/","title":{"rendered":"BITA PICC: cat\u00e9ter para canalizaci\u00f3n endovenosa"},"content":{"rendered":"","protected":false},"excerpt":{"rendered":"<p>C\u00f3d. 581 S-D<\/p>\n<p>Cat\u00e9ter para canalizaci\u00f3n endovenosa dise\u00f1ado 100% en poliuretano. Apto para pacientes neonatales, lactantes y pedi\u00e1tricos.<\/p>\n<p>&nbsp;<\/p>\n<p><a href=\"https:\/\/gruposilmag.com\/wp-content\/uploads\/2024\/07\/BITA-DIPTICO-folleto-informativo_rev.08.pdf\">VER M\u00c1S<\/a><\/p>","protected":false},"featured_media":2284,"template":"","meta":{"om_disable_all_campaigns":false,"_monsterinsights_skip_tracking":false,"_monsterinsights_sitenote_active":false,"_monsterinsights_sitenote_note":"","_monsterinsights_sitenote_category":0,"_uf_show_specific_survey":0,"_uf_disable_surveys":false},"product_brand":[],"product_cat":[57,110,15],"product_tag":[77,96,106,97,105],"class_list":{"0":"post-2277","1":"product","2":"type-product","3":"status-publish","4":"has-post-thumbnail","6":"product_cat-accesos-vasculares","7":"product_cat-neonatologia","8":"product_cat-pediatria","9":"product_tag-accesos-vasculares","10":"product_tag-cateter","11":"product_tag-doble-lumen","12":"product_tag-picc","13":"product_tag-simple-lumen","15":"first","16":"instock","17":"shipping-taxable","18":"product-type-simple"},"aioseo_notices":[],"_links":{"self":[{"href":"https:\/\/gruposilmag.com\/en\/wp-json\/wp\/v2\/product\/2277","targetHints":{"allow":["GET"]}}],"collection":[{"href":"https:\/\/gruposilmag.com\/en\/wp-json\/wp\/v2\/product"}],"about":[{"href":"https:\/\/gruposilmag.com\/en\/wp-json\/wp\/v2\/types\/product"}],"wp:featuredmedia":[{"embeddable":true,"href":"https:\/\/gruposilmag.com\/en\/wp-json\/wp\/v2\/media\/2284"}],"wp:attachment":[{"href":"https:\/\/gruposilmag.com\/en\/wp-json\/wp\/v2\/media?parent=2277"}],"wp:term":[{"taxonomy":"product_brand","embeddable":true,"href":"https:\/\/gruposilmag.com\/en\/wp-json\/wp\/v2\/product_brand?post=2277"},{"taxonomy":"product_cat","embeddable":true,"href":"https:\/\/gruposilmag.com\/en\/wp-json\/wp\/v2\/product_cat?post=2277"},{"taxonomy":"product_tag","embeddable":true,"href":"https:\/\/gruposilmag.com\/en\/wp-json\/wp\/v2\/product_tag?post=2277"}],"curies":[{"name":"wp","href":"https:\/\/api.w.org\/{rel}","templated":true}]}}