{"id":2288,"date":"2024-07-30T20:28:38","date_gmt":"2024-07-30T20:28:38","guid":{"rendered":"https:\/\/gruposilmag.com\/?post_type=product&#038;p=2288"},"modified":"2024-09-26T17:01:02","modified_gmt":"2024-09-26T17:01:02","slug":"cativ-sistema-de-cateter-intravenoso-cerrado-con-doble-puerto","status":"publish","type":"product","link":"https:\/\/gruposilmag.com\/en\/product\/cativ-sistema-de-cateter-intravenoso-cerrado-con-doble-puerto\/","title":{"rendered":"CatIV: Sistema de cat\u00e9ter intravenoso cerrado con doble puerto"},"content":{"rendered":"<p>Permite realizar los siguientes procedimientos:<\/p>\n<ul>\n<li>Administraci\u00f3n de fluidos: plan de hidrataci\u00f3n parenteral, medicaci\u00f3n,medio de contraste para tomograf\u00eda axial computarizada (tac).<\/li>\n<li>Extracciones o transfusiones de sangre.<\/li>\n<li>Monitoreo de la presion sangu\u00ednea.<\/li>\n<\/ul>\n<p><a href=\"https:\/\/gruposilmag.com\/wp-content\/uploads\/2024\/09\/DIPTICO-CATIV-Cod.-590-rev.-0.1-30-08-24.pdf\">VER M\u00c1S<\/a><\/p>","protected":false},"excerpt":{"rendered":"<p>C\u00f3d 590<\/p>\n<p>CATIV es un sistema de cat\u00e9ter intravenoso cerrado con doble puerto, dise\u00f1ado con el fin de realizar terapias de acceso intravascular en vasos perif\u00e9ricos por un per\u00edodo corto de tiempo.<\/p>\n<p>&nbsp;<\/p>\n<p><a href=\"https:\/\/gruposilmag.com\/wp-content\/uploads\/2024\/09\/DIPTICO-CATIV-Cod.-590-rev.-0.1-30-08-24.pdf\">VER M\u00c1S<\/a><\/p>","protected":false},"featured_media":2291,"template":"","meta":{"om_disable_all_campaigns":false,"_monsterinsights_skip_tracking":false,"_monsterinsights_sitenote_active":false,"_monsterinsights_sitenote_note":"","_monsterinsights_sitenote_category":0,"_uf_show_specific_survey":0,"_uf_disable_surveys":false},"product_brand":[],"product_cat":[57],"product_tag":[77,96,108,109],"class_list":{"0":"post-2288","1":"product","2":"type-product","3":"status-publish","4":"has-post-thumbnail","6":"product_cat-accesos-vasculares","7":"product_tag-accesos-vasculares","8":"product_tag-cateter","9":"product_tag-cativ","10":"product_tag-puerto","12":"first","13":"instock","14":"shipping-taxable","15":"product-type-simple"},"aioseo_notices":[],"_links":{"self":[{"href":"https:\/\/gruposilmag.com\/en\/wp-json\/wp\/v2\/product\/2288","targetHints":{"allow":["GET"]}}],"collection":[{"href":"https:\/\/gruposilmag.com\/en\/wp-json\/wp\/v2\/product"}],"about":[{"href":"https:\/\/gruposilmag.com\/en\/wp-json\/wp\/v2\/types\/product"}],"wp:featuredmedia":[{"embeddable":true,"href":"https:\/\/gruposilmag.com\/en\/wp-json\/wp\/v2\/media\/2291"}],"wp:attachment":[{"href":"https:\/\/gruposilmag.com\/en\/wp-json\/wp\/v2\/media?parent=2288"}],"wp:term":[{"taxonomy":"product_brand","embeddable":true,"href":"https:\/\/gruposilmag.com\/en\/wp-json\/wp\/v2\/product_brand?post=2288"},{"taxonomy":"product_cat","embeddable":true,"href":"https:\/\/gruposilmag.com\/en\/wp-json\/wp\/v2\/product_cat?post=2288"},{"taxonomy":"product_tag","embeddable":true,"href":"https:\/\/gruposilmag.com\/en\/wp-json\/wp\/v2\/product_tag?post=2288"}],"curies":[{"name":"wp","href":"https:\/\/api.w.org\/{rel}","templated":true}]}}