{"id":2322,"date":"2024-08-12T19:08:55","date_gmt":"2024-08-12T19:08:55","guid":{"rendered":"https:\/\/gruposilmag.com\/?post_type=product&#038;p=2322"},"modified":"2025-08-18T18:17:53","modified_gmt":"2025-08-18T18:17:53","slug":"picc-cateter-percutaneo-con-introductor-pelable","status":"publish","type":"product","link":"https:\/\/gruposilmag.com\/en\/product\/picc-cateter-percutaneo-con-introductor-pelable\/","title":{"rendered":"PICC cat\u00e9ter percut\u00e1neo con introductor pelable"},"content":{"rendered":"<p>\u2022 Mayor durabilidad y menor frecuencia de recambio.<br \/>\n\u2022 Menor costo por d\u00eda de internaci\u00f3n.<br \/>\n\u2022 Su di\u00e1metro interior asegura el volumen del l\u00edquido requerido para el paciente.<br \/>\n\u2022 el doble lumen permite la administraci\u00f3n de soluciones hiperosmolares.<br \/>\n\u2022 Introductor pelable con ojo lateral que facilita la detecci\u00f3n del retorno sangu\u00edneo.<\/p>","protected":false},"excerpt":{"rendered":"<p>C\u00f3d. 650-S (simple lumen) \/ 650-D (doble lumen)<\/p>\n<p>Producto dise\u00f1ado para la administraci\u00f3n de nutrici\u00f3n parenteral, soluciones hiperosmolares, infusi\u00f3n de drogas vasoactivas, soluciones intravenosas, en pacientes neonatales, lactantes y pedi\u00e1tricos que requieren tratamiento parenteral prolongado, pacientes con enterocolitis necrotizante (NEC), pacientes internados en unidades de cuidados intensivos, pacientes sometidos a cirug\u00edas que<br \/>\nrequieran ayunos prolongados, pacientes con alteraciones metab\u00f3licas.<\/p>\n<p>&nbsp;<\/p>\n<p><a href=\"https:\/\/gruposilmag.com\/wp-content\/uploads\/2025\/08\/Cod.-650S_PICC-cateter-percutaneo-con-introductor-pelable_Rev.-1.2.pdf.pdf\">VER M\u00c1S (simple lumen)<\/a><\/p>\n<p>&nbsp;<\/p>\n<p>&nbsp;<\/p>\n<p><a href=\"https:\/\/gruposilmag.com\/wp-content\/uploads\/2025\/08\/Cod.-650D_PICC-cateter-percutaneo-con-introductor-pelable_Rev.-1.1.pdf\">VER M\u00c1S (doble lumen)<\/a><\/p>\n<p>&nbsp;<\/p>","protected":false},"featured_media":2672,"template":"","meta":{"om_disable_all_campaigns":false,"_monsterinsights_skip_tracking":false,"_monsterinsights_sitenote_active":false,"_monsterinsights_sitenote_note":"","_monsterinsights_sitenote_category":0,"_uf_show_specific_survey":0,"_uf_disable_surveys":false},"product_brand":[],"product_cat":[57,15],"product_tag":[77,96,106,97,105],"class_list":{"0":"post-2322","1":"product","2":"type-product","3":"status-publish","4":"has-post-thumbnail","6":"product_cat-accesos-vasculares","7":"product_cat-pediatria","8":"product_tag-accesos-vasculares","9":"product_tag-cateter","10":"product_tag-doble-lumen","11":"product_tag-picc","12":"product_tag-simple-lumen","14":"first","15":"instock","16":"shipping-taxable","17":"product-type-simple"},"aioseo_notices":[],"_links":{"self":[{"href":"https:\/\/gruposilmag.com\/en\/wp-json\/wp\/v2\/product\/2322","targetHints":{"allow":["GET"]}}],"collection":[{"href":"https:\/\/gruposilmag.com\/en\/wp-json\/wp\/v2\/product"}],"about":[{"href":"https:\/\/gruposilmag.com\/en\/wp-json\/wp\/v2\/types\/product"}],"wp:featuredmedia":[{"embeddable":true,"href":"https:\/\/gruposilmag.com\/en\/wp-json\/wp\/v2\/media\/2672"}],"wp:attachment":[{"href":"https:\/\/gruposilmag.com\/en\/wp-json\/wp\/v2\/media?parent=2322"}],"wp:term":[{"taxonomy":"product_brand","embeddable":true,"href":"https:\/\/gruposilmag.com\/en\/wp-json\/wp\/v2\/product_brand?post=2322"},{"taxonomy":"product_cat","embeddable":true,"href":"https:\/\/gruposilmag.com\/en\/wp-json\/wp\/v2\/product_cat?post=2322"},{"taxonomy":"product_tag","embeddable":true,"href":"https:\/\/gruposilmag.com\/en\/wp-json\/wp\/v2\/product_tag?post=2322"}],"curies":[{"name":"wp","href":"https:\/\/api.w.org\/{rel}","templated":true}]}}