{"id":2326,"date":"2024-08-12T19:46:59","date_gmt":"2024-08-12T19:46:59","guid":{"rendered":"https:\/\/gruposilmag.com\/?post_type=product&#038;p=2326"},"modified":"2025-05-15T12:43:51","modified_gmt":"2025-05-15T12:43:51","slug":"semicath-sistema-de-cateter-intravenoso-cerrado-con-doble-puerto","status":"publish","type":"product","link":"https:\/\/gruposilmag.com\/en\/product\/semicath-sistema-de-cateter-intravenoso-cerrado-con-doble-puerto\/","title":{"rendered":"SemiCath: kit cat\u00e9ter venoso central de larga permanencia"},"content":{"rendered":"<p>Se utiliza para la administraci\u00f3n de:<br \/>\n\u2022 fluidos intravenosos.<br \/>\n\u2022 productos hemoderivados.<br \/>\n\u2022 medicamentos y soluciones de nutrici\u00f3n parenteral y para procedimientos<br \/>\nde extracciones de sangre<\/p>\n<p><a href=\"https:\/\/gruposilmag.com\/wp-content\/uploads\/2024\/08\/660-Semicath-1.pdf\">VER M\u00c1S<\/a><\/p>","protected":false},"excerpt":{"rendered":"<p>C\u00f3d. 660<\/p>\n<p>Semicath es un kit cat\u00e9ter venoso central de larga permanencia, elaborado 100% en silicona. Dise\u00f1ado para pacientes pedi\u00e1tricos y adultos, que requieran terapias de acceso vascular a largo plazo o carezcan de un adecuado acceso venoso perif\u00e9rico.<\/p>\n<p>&nbsp;<\/p>\n<p><a href=\"https:\/\/gruposilmag.com\/wp-content\/uploads\/2025\/05\/660-diptico-en-espanol-rev.02.pdf\">VER M\u00c1S<\/a><\/p>","protected":false},"featured_media":2317,"template":"","meta":{"om_disable_all_campaigns":false,"_monsterinsights_skip_tracking":false,"_monsterinsights_sitenote_active":false,"_monsterinsights_sitenote_note":"","_monsterinsights_sitenote_category":0,"_uf_show_specific_survey":0,"_uf_disable_surveys":false},"product_brand":[],"product_cat":[57],"product_tag":[77,96,104],"class_list":{"0":"post-2326","1":"product","2":"type-product","3":"status-publish","4":"has-post-thumbnail","6":"product_cat-accesos-vasculares","7":"product_tag-accesos-vasculares","8":"product_tag-cateter","9":"product_tag-semicath","11":"first","12":"instock","13":"shipping-taxable","14":"product-type-simple"},"aioseo_notices":[],"_links":{"self":[{"href":"https:\/\/gruposilmag.com\/en\/wp-json\/wp\/v2\/product\/2326","targetHints":{"allow":["GET"]}}],"collection":[{"href":"https:\/\/gruposilmag.com\/en\/wp-json\/wp\/v2\/product"}],"about":[{"href":"https:\/\/gruposilmag.com\/en\/wp-json\/wp\/v2\/types\/product"}],"wp:featuredmedia":[{"embeddable":true,"href":"https:\/\/gruposilmag.com\/en\/wp-json\/wp\/v2\/media\/2317"}],"wp:attachment":[{"href":"https:\/\/gruposilmag.com\/en\/wp-json\/wp\/v2\/media?parent=2326"}],"wp:term":[{"taxonomy":"product_brand","embeddable":true,"href":"https:\/\/gruposilmag.com\/en\/wp-json\/wp\/v2\/product_brand?post=2326"},{"taxonomy":"product_cat","embeddable":true,"href":"https:\/\/gruposilmag.com\/en\/wp-json\/wp\/v2\/product_cat?post=2326"},{"taxonomy":"product_tag","embeddable":true,"href":"https:\/\/gruposilmag.com\/en\/wp-json\/wp\/v2\/product_tag?post=2326"}],"curies":[{"name":"wp","href":"https:\/\/api.w.org\/{rel}","templated":true}]}}