{"id":2337,"date":"2024-08-16T12:33:37","date_gmt":"2024-08-16T12:33:37","guid":{"rendered":"https:\/\/gruposilmag.com\/?post_type=product&#038;p=2337"},"modified":"2025-08-18T18:14:23","modified_gmt":"2025-08-18T18:14:23","slug":"drenaje-de-canal-abierto-tipo-blake","status":"publish","type":"product","link":"https:\/\/gruposilmag.com\/en\/product\/drenaje-de-canal-abierto-tipo-blake\/","title":{"rendered":"Drenaje de canal abierto (tipo Blake)"},"content":{"rendered":"<ul>\n<li>\u00a0Larga permanencia.<\/li>\n<li>Mayor \u00e1rea de contacto con las secreciones.<\/li>\n<li>Absorci\u00f3n r\u00e1pida y eficiente.<\/li>\n<li>Mayor comodidad para el paciente.<\/li>\n<\/ul>\n<p><a href=\"https:\/\/gruposilmag.com\/wp-content\/uploads\/2025\/08\/Cod-125_Drenaje-Canal-Abierto_Rev.-0.9.pdf\">VER M\u00c1S<\/a><\/p>","protected":false},"excerpt":{"rendered":"<p>C\u00f3d. 125<\/p>\n<p>Producto dise\u00f1ado para la extracci\u00f3n de l\u00edquidos sanguinolentos, serosos, purulentos o aire acumulado en cavidades corporales, com\u00fanmente resultantes de cirug\u00edas abdominales, p\u00e9lvicas, retroperitoneales y cardiovasculares.<\/p>\n<p>&nbsp;<\/p>\n<p><a href=\"https:\/\/gruposilmag.com\/wp-content\/uploads\/2025\/08\/Cod-125_Drenaje-Canal-Abierto_Rev.-0.9.pdf\">VER M\u00c1S<\/a><\/p>","protected":false},"featured_media":2338,"template":"","meta":{"om_disable_all_campaigns":false,"_monsterinsights_skip_tracking":false,"_monsterinsights_sitenote_active":false,"_monsterinsights_sitenote_note":"","_monsterinsights_sitenote_category":0,"_uf_show_specific_survey":0,"_uf_disable_surveys":false},"product_brand":[],"product_cat":[56],"product_tag":[81,103],"class_list":{"0":"post-2337","1":"product","2":"type-product","3":"status-publish","4":"has-post-thumbnail","6":"product_cat-drenajes","7":"product_tag-drenajes","8":"product_tag-tipo-blake","10":"first","11":"instock","12":"shipping-taxable","13":"product-type-simple"},"aioseo_notices":[],"_links":{"self":[{"href":"https:\/\/gruposilmag.com\/en\/wp-json\/wp\/v2\/product\/2337","targetHints":{"allow":["GET"]}}],"collection":[{"href":"https:\/\/gruposilmag.com\/en\/wp-json\/wp\/v2\/product"}],"about":[{"href":"https:\/\/gruposilmag.com\/en\/wp-json\/wp\/v2\/types\/product"}],"wp:featuredmedia":[{"embeddable":true,"href":"https:\/\/gruposilmag.com\/en\/wp-json\/wp\/v2\/media\/2338"}],"wp:attachment":[{"href":"https:\/\/gruposilmag.com\/en\/wp-json\/wp\/v2\/media?parent=2337"}],"wp:term":[{"taxonomy":"product_brand","embeddable":true,"href":"https:\/\/gruposilmag.com\/en\/wp-json\/wp\/v2\/product_brand?post=2337"},{"taxonomy":"product_cat","embeddable":true,"href":"https:\/\/gruposilmag.com\/en\/wp-json\/wp\/v2\/product_cat?post=2337"},{"taxonomy":"product_tag","embeddable":true,"href":"https:\/\/gruposilmag.com\/en\/wp-json\/wp\/v2\/product_tag?post=2337"}],"curies":[{"name":"wp","href":"https:\/\/api.w.org\/{rel}","templated":true}]}}