{"id":2348,"date":"2024-08-16T12:46:00","date_gmt":"2024-08-16T12:46:00","guid":{"rendered":"https:\/\/gruposilmag.com\/?post_type=product&#038;p=2348"},"modified":"2025-08-18T18:09:34","modified_gmt":"2025-08-18T18:09:34","slug":"reservorio-para-drenaje-aspiratorio","status":"publish","type":"product","link":"https:\/\/gruposilmag.com\/en\/product\/reservorio-para-drenaje-aspiratorio\/","title":{"rendered":"Reservorio para drenaje aspiratorio"},"content":{"rendered":"<ul>\n<li>La flexibilidad de la silicona y la resiliencia permiten generar la presi\u00f3n negativa para la aspiraci\u00f3n.<\/li>\n<li>La transparencia y la graduaci\u00f3n facilitan la evaluaci\u00f3n de las caracter\u00edsticas de los l\u00edquidos drenados.<\/li>\n<\/ul>\n<p><a href=\"https:\/\/gruposilmag.com\/wp-content\/uploads\/2024\/08\/127_Reservorio_Rev.08.pdf\">VER M\u00c1S<\/a><\/p>","protected":false},"excerpt":{"rendered":"<p>C\u00f3d. 127-100 \/ 127-200<\/p>\n<p>Producto\u00a0dise\u00f1ado para la aspiraci\u00f3n negativa de secreciones en pacientes sometidos a cirug\u00edas abdominales, p\u00e9lvicas o renales, con el objetivo de eliminar contenido intraperitoneal, ya sea como resultado directo de la cirug\u00eda o debido a complicaciones posteriores.<\/p>\n<p>&nbsp;<\/p>\n<p><a href=\"https:\/\/gruposilmag.com\/wp-content\/uploads\/2025\/08\/Cod.-127R_Drenaje-Plano_Rev.-0.9.pdf\">VER M\u00c1S<\/a><\/p>","protected":false},"featured_media":2344,"template":"","meta":{"om_disable_all_campaigns":false,"_monsterinsights_skip_tracking":false,"_monsterinsights_sitenote_active":false,"_monsterinsights_sitenote_note":"","_monsterinsights_sitenote_category":0,"_uf_show_specific_survey":0,"_uf_disable_surveys":false},"product_brand":[],"product_cat":[56],"product_tag":[81,93],"class_list":{"0":"post-2348","1":"product","2":"type-product","3":"status-publish","4":"has-post-thumbnail","6":"product_cat-drenajes","7":"product_tag-drenajes","8":"product_tag-producto-biomedicos","10":"first","11":"instock","12":"shipping-taxable","13":"product-type-simple"},"aioseo_notices":[],"_links":{"self":[{"href":"https:\/\/gruposilmag.com\/en\/wp-json\/wp\/v2\/product\/2348","targetHints":{"allow":["GET"]}}],"collection":[{"href":"https:\/\/gruposilmag.com\/en\/wp-json\/wp\/v2\/product"}],"about":[{"href":"https:\/\/gruposilmag.com\/en\/wp-json\/wp\/v2\/types\/product"}],"wp:featuredmedia":[{"embeddable":true,"href":"https:\/\/gruposilmag.com\/en\/wp-json\/wp\/v2\/media\/2344"}],"wp:attachment":[{"href":"https:\/\/gruposilmag.com\/en\/wp-json\/wp\/v2\/media?parent=2348"}],"wp:term":[{"taxonomy":"product_brand","embeddable":true,"href":"https:\/\/gruposilmag.com\/en\/wp-json\/wp\/v2\/product_brand?post=2348"},{"taxonomy":"product_cat","embeddable":true,"href":"https:\/\/gruposilmag.com\/en\/wp-json\/wp\/v2\/product_cat?post=2348"},{"taxonomy":"product_tag","embeddable":true,"href":"https:\/\/gruposilmag.com\/en\/wp-json\/wp\/v2\/product_tag?post=2348"}],"curies":[{"name":"wp","href":"https:\/\/api.w.org\/{rel}","templated":true}]}}