{"id":2349,"date":"2024-08-16T12:53:19","date_gmt":"2024-08-16T12:53:19","guid":{"rendered":"https:\/\/gruposilmag.com\/?post_type=product&#038;p=2349"},"modified":"2025-10-01T17:15:00","modified_gmt":"2025-10-01T17:15:00","slug":"dve-plus-drenaje-ventricular-externo","status":"publish","type":"product","link":"https:\/\/gruposilmag.com\/en\/product\/dve-plus-drenaje-ventricular-externo\/","title":{"rendered":"DVE Plus: drenaje ventricular externo"},"content":{"rendered":"<p><strong>Principales Ventajas<\/strong><\/p>\n<ul>\n<li>V\u00e1lvula anti-retorno.<\/li>\n<li>Bolsa de recolecci\u00f3n 800 ml. extra.<\/li>\n<li>Cat\u00e9ter 100% silicona radiopaca, multiperforado y con extremo distal cerrado.<\/li>\n<li>Conector con aleta para fijaci\u00f3n por sutura.<\/li>\n<li>Abrazadera ajustable extra.<\/li>\n<li>Aleta anti-acodamiento, se ubica entre la corteza craneal y el cuero cabelludo.<\/li>\n<\/ul>\n<p><a href=\"https:\/\/gruposilmag.com\/wp-content\/uploads\/2024\/08\/130_DIPTICO-SILMAG-DVE-plus-rev.-0.5-1.pdf\">VER M\u00c1S<\/a><\/p>","protected":false},"excerpt":{"rendered":"<p>C\u00f3d. 130<\/p>\n<p>Indicado para descomprimir los ventr\u00edculos c\u00e9rebrales y drenar l\u00edquido cefalorraqu\u00eddeo. Permite monitorear y controlar la presi\u00f3n intracraneal en pacientes con traumatismo craneoencef\u00e1lico, hemorragias cerebrales u otras condiciones similares.<\/p>\n<p>&nbsp;<\/p>\n<p><a href=\"https:\/\/gruposilmag.com\/wp-content\/uploads\/2025\/10\/DVE-cod.-130.pdf\">VER M\u00c1S<\/a><\/p>\n<p>&nbsp;<\/p>","protected":false},"featured_media":2353,"template":"","meta":{"om_disable_all_campaigns":false,"_monsterinsights_skip_tracking":false,"_monsterinsights_sitenote_active":false,"_monsterinsights_sitenote_note":"","_monsterinsights_sitenote_category":0,"_uf_show_specific_survey":0,"_uf_disable_surveys":false},"product_brand":[],"product_cat":[56],"product_tag":[96,81,93],"class_list":{"0":"post-2349","1":"product","2":"type-product","3":"status-publish","4":"has-post-thumbnail","6":"product_cat-drenajes","7":"product_tag-cateter","8":"product_tag-drenajes","9":"product_tag-producto-biomedicos","11":"first","12":"instock","13":"shipping-taxable","14":"product-type-simple"},"aioseo_notices":[],"_links":{"self":[{"href":"https:\/\/gruposilmag.com\/en\/wp-json\/wp\/v2\/product\/2349","targetHints":{"allow":["GET"]}}],"collection":[{"href":"https:\/\/gruposilmag.com\/en\/wp-json\/wp\/v2\/product"}],"about":[{"href":"https:\/\/gruposilmag.com\/en\/wp-json\/wp\/v2\/types\/product"}],"wp:featuredmedia":[{"embeddable":true,"href":"https:\/\/gruposilmag.com\/en\/wp-json\/wp\/v2\/media\/2353"}],"wp:attachment":[{"href":"https:\/\/gruposilmag.com\/en\/wp-json\/wp\/v2\/media?parent=2349"}],"wp:term":[{"taxonomy":"product_brand","embeddable":true,"href":"https:\/\/gruposilmag.com\/en\/wp-json\/wp\/v2\/product_brand?post=2349"},{"taxonomy":"product_cat","embeddable":true,"href":"https:\/\/gruposilmag.com\/en\/wp-json\/wp\/v2\/product_cat?post=2349"},{"taxonomy":"product_tag","embeddable":true,"href":"https:\/\/gruposilmag.com\/en\/wp-json\/wp\/v2\/product_tag?post=2349"}],"curies":[{"name":"wp","href":"https:\/\/api.w.org\/{rel}","templated":true}]}}