{"id":2358,"date":"2024-08-16T13:31:37","date_gmt":"2024-08-16T13:31:37","guid":{"rendered":"https:\/\/gruposilmag.com\/?post_type=product&#038;p=2358"},"modified":"2025-08-18T17:58:53","modified_gmt":"2025-08-18T17:58:53","slug":"sonda-de-succion-de-mucus","status":"publish","type":"product","link":"https:\/\/gruposilmag.com\/en\/product\/sonda-de-succion-de-mucus\/","title":{"rendered":"Sonda de succi\u00f3n de mucus"},"content":{"rendered":"<p>\u2022 Sonda 100% silicona de 45 cm de longitud.<br \/>\n\u2022 Conector transl\u00facido para regulaci\u00f3n de la succi\u00f3n.<br \/>\n\u2022 No produce lesiones por rozamiento.<br \/>\n\u2022 F\u00e1cil manipulaci\u00f3n.<\/p>\n<p><a href=\"https:\/\/gruposilmag.com\/wp-content\/uploads\/2024\/08\/210-Sonda-de-succion-de-mucus.pdf\">VER M\u00c1S<\/a><\/p>","protected":false},"excerpt":{"rendered":"<p>C\u00f3d. 210<\/p>\n<p><span class=\"OYPEnA font-feature-liga-off font-feature-clig-off font-feature-calt-off text-decoration-none text-strikethrough-none\">Producto dise\u00f1ado para la aspiraci\u00f3n de secreciones por sistema abierto en pacientes con disminuci\u00f3n del re\ufb02ejo de la tos, que presentan secreciones en el \u00e1rbol respiratorio superior, pacientes con tubo endotraqueal y pacientes traqueostomizados.<\/span><\/p>\n<p>&nbsp;<\/p>\n<p><a href=\"https:\/\/gruposilmag.com\/wp-content\/uploads\/2025\/08\/Cod.-210_Sonda-de-succion-de-mucus_Rev.-0.9.pdf\">VER M\u00c1S<\/a><\/p>","protected":false},"featured_media":2359,"template":"","meta":{"om_disable_all_campaigns":false,"_monsterinsights_skip_tracking":false,"_monsterinsights_sitenote_active":false,"_monsterinsights_sitenote_note":"","_monsterinsights_sitenote_category":0,"_uf_show_specific_survey":0,"_uf_disable_surveys":false},"product_brand":[],"product_cat":[15,58],"product_tag":[82,98,78],"class_list":{"0":"post-2358","1":"product","2":"type-product","3":"status-publish","4":"has-post-thumbnail","6":"product_cat-pediatria","7":"product_cat-vias-respiratorias","8":"product_tag-productos-biomedicos","9":"product_tag-sonda","10":"product_tag-vias-respiratorias","12":"first","13":"instock","14":"shipping-taxable","15":"product-type-simple"},"aioseo_notices":[],"_links":{"self":[{"href":"https:\/\/gruposilmag.com\/en\/wp-json\/wp\/v2\/product\/2358","targetHints":{"allow":["GET"]}}],"collection":[{"href":"https:\/\/gruposilmag.com\/en\/wp-json\/wp\/v2\/product"}],"about":[{"href":"https:\/\/gruposilmag.com\/en\/wp-json\/wp\/v2\/types\/product"}],"wp:featuredmedia":[{"embeddable":true,"href":"https:\/\/gruposilmag.com\/en\/wp-json\/wp\/v2\/media\/2359"}],"wp:attachment":[{"href":"https:\/\/gruposilmag.com\/en\/wp-json\/wp\/v2\/media?parent=2358"}],"wp:term":[{"taxonomy":"product_brand","embeddable":true,"href":"https:\/\/gruposilmag.com\/en\/wp-json\/wp\/v2\/product_brand?post=2358"},{"taxonomy":"product_cat","embeddable":true,"href":"https:\/\/gruposilmag.com\/en\/wp-json\/wp\/v2\/product_cat?post=2358"},{"taxonomy":"product_tag","embeddable":true,"href":"https:\/\/gruposilmag.com\/en\/wp-json\/wp\/v2\/product_tag?post=2358"}],"curies":[{"name":"wp","href":"https:\/\/api.w.org\/{rel}","templated":true}]}}