{"id":2388,"date":"2024-08-16T17:01:39","date_gmt":"2024-08-16T17:01:39","guid":{"rendered":"https:\/\/gruposilmag.com\/?post_type=product&#038;p=2388"},"modified":"2025-08-18T17:51:30","modified_gmt":"2025-08-18T17:51:30","slug":"sonda-nelaton","status":"publish","type":"product","link":"https:\/\/gruposilmag.com\/en\/product\/sonda-nelaton\/","title":{"rendered":"Sonda nelaton"},"content":{"rendered":"<ul>\n<li>Menor riesgo de obstrucci\u00f3n del flujo por acodamiento.<\/li>\n<li>Capuch\u00f3n c\u00f3nico<\/li>\n<li>No produce dolor ni lesiones por rozamiento.<\/li>\n<\/ul>\n<p><a href=\"https:\/\/gruposilmag.com\/wp-content\/uploads\/2024\/08\/420.Sonda-nelaton_Rev.08.pdf\">VER M\u00c1S<\/a><\/p>","protected":false},"excerpt":{"rendered":"<p>C\u00f3d. 420<\/p>\n<p>Producto dise\u00f1ado para vaciado vesical y obtenci\u00f3n de muestra est\u00e9ril de orina con fines de diagn\u00f3stico, en pacientes que requieren<br \/>\ncontrol estricto de diuresis.<\/p>\n<p>&nbsp;<\/p>\n<p><a href=\"https:\/\/gruposilmag.com\/wp-content\/uploads\/2025\/08\/Cod.-420_Sonda-nelaton_Rev.-0.9.pdf\">VER M\u00c1S<\/a><\/p>","protected":false},"featured_media":2395,"template":"","meta":{"om_disable_all_campaigns":false,"_monsterinsights_skip_tracking":false,"_monsterinsights_sitenote_active":false,"_monsterinsights_sitenote_note":"","_monsterinsights_sitenote_category":0,"_uf_show_specific_survey":0,"_uf_disable_surveys":false},"product_brand":[],"product_cat":[60],"product_tag":[82,84,83,80],"class_list":{"0":"post-2388","1":"product","2":"type-product","3":"status-publish","4":"has-post-thumbnail","6":"product_cat-vias-urinarias","7":"product_tag-productos-biomedicos","8":"product_tag-salud","9":"product_tag-silmag","10":"product_tag-vias-urinarias","12":"first","13":"instock","14":"shipping-taxable","15":"product-type-simple"},"aioseo_notices":[],"_links":{"self":[{"href":"https:\/\/gruposilmag.com\/en\/wp-json\/wp\/v2\/product\/2388","targetHints":{"allow":["GET"]}}],"collection":[{"href":"https:\/\/gruposilmag.com\/en\/wp-json\/wp\/v2\/product"}],"about":[{"href":"https:\/\/gruposilmag.com\/en\/wp-json\/wp\/v2\/types\/product"}],"wp:featuredmedia":[{"embeddable":true,"href":"https:\/\/gruposilmag.com\/en\/wp-json\/wp\/v2\/media\/2395"}],"wp:attachment":[{"href":"https:\/\/gruposilmag.com\/en\/wp-json\/wp\/v2\/media?parent=2388"}],"wp:term":[{"taxonomy":"product_brand","embeddable":true,"href":"https:\/\/gruposilmag.com\/en\/wp-json\/wp\/v2\/product_brand?post=2388"},{"taxonomy":"product_cat","embeddable":true,"href":"https:\/\/gruposilmag.com\/en\/wp-json\/wp\/v2\/product_cat?post=2388"},{"taxonomy":"product_tag","embeddable":true,"href":"https:\/\/gruposilmag.com\/en\/wp-json\/wp\/v2\/product_tag?post=2388"}],"curies":[{"name":"wp","href":"https:\/\/api.w.org\/{rel}","templated":true}]}}