{"id":2396,"date":"2024-08-16T17:04:34","date_gmt":"2024-08-16T17:04:34","guid":{"rendered":"https:\/\/gruposilmag.com\/?post_type=product&#038;p=2396"},"modified":"2025-08-18T17:50:21","modified_gmt":"2025-08-18T17:50:21","slug":"sonda-foley","status":"publish","type":"product","link":"https:\/\/gruposilmag.com\/en\/product\/sonda-foley\/","title":{"rendered":"Sonda Foley"},"content":{"rendered":"<p>&nbsp;<\/p>\n<ul>\n<li>L\u00ednea radiopaca en toda su extensi\u00f3n.<\/li>\n<li>Las medidas 8 y 10 FR poseen una gu\u00eda de 30 cm precolocada para facilitar la inserci\u00f3n.<\/li>\n<li>Informaci\u00f3n sobre calibre y volumen de inflado.<\/li>\n<li>Disponible versi\u00f3n con 3 v\u00edas.<\/li>\n<\/ul>\n<p><a href=\"https:\/\/gruposilmag.com\/wp-content\/uploads\/2024\/08\/450-Sonda-Foley.pdf\">VER M\u00c1S<\/a><\/p>","protected":false},"excerpt":{"rendered":"<p>C\u00f3d. 450<\/p>\n<p>Producto dise\u00f1ado para el drenaje o recolecci\u00f3n de orina o para irrigaci\u00f3n de la vejiga con fines terap\u00e9uticos.<\/p>\n<p>&nbsp;<\/p>\n<p><a href=\"https:\/\/gruposilmag.com\/wp-content\/uploads\/2025\/08\/Cod.-450_Sonda-foley_Rev.-0.1.pdf\">VER M\u00c1S<\/a><\/p>","protected":false},"featured_media":2394,"template":"","meta":{"om_disable_all_campaigns":false,"_monsterinsights_skip_tracking":false,"_monsterinsights_sitenote_active":false,"_monsterinsights_sitenote_note":"","_monsterinsights_sitenote_category":0,"_uf_show_specific_survey":0,"_uf_disable_surveys":false},"product_brand":[],"product_cat":[60],"product_tag":[82,84,83,98,80],"class_list":{"0":"post-2396","1":"product","2":"type-product","3":"status-publish","4":"has-post-thumbnail","6":"product_cat-vias-urinarias","7":"product_tag-productos-biomedicos","8":"product_tag-salud","9":"product_tag-silmag","10":"product_tag-sonda","11":"product_tag-vias-urinarias","13":"first","14":"instock","15":"shipping-taxable","16":"product-type-simple"},"aioseo_notices":[],"_links":{"self":[{"href":"https:\/\/gruposilmag.com\/en\/wp-json\/wp\/v2\/product\/2396","targetHints":{"allow":["GET"]}}],"collection":[{"href":"https:\/\/gruposilmag.com\/en\/wp-json\/wp\/v2\/product"}],"about":[{"href":"https:\/\/gruposilmag.com\/en\/wp-json\/wp\/v2\/types\/product"}],"wp:featuredmedia":[{"embeddable":true,"href":"https:\/\/gruposilmag.com\/en\/wp-json\/wp\/v2\/media\/2394"}],"wp:attachment":[{"href":"https:\/\/gruposilmag.com\/en\/wp-json\/wp\/v2\/media?parent=2396"}],"wp:term":[{"taxonomy":"product_brand","embeddable":true,"href":"https:\/\/gruposilmag.com\/en\/wp-json\/wp\/v2\/product_brand?post=2396"},{"taxonomy":"product_cat","embeddable":true,"href":"https:\/\/gruposilmag.com\/en\/wp-json\/wp\/v2\/product_cat?post=2396"},{"taxonomy":"product_tag","embeddable":true,"href":"https:\/\/gruposilmag.com\/en\/wp-json\/wp\/v2\/product_tag?post=2396"}],"curies":[{"name":"wp","href":"https:\/\/api.w.org\/{rel}","templated":true}]}}