{"id":2397,"date":"2024-08-16T17:06:47","date_gmt":"2024-08-16T17:06:47","guid":{"rendered":"https:\/\/gruposilmag.com\/?post_type=product&#038;p=2397"},"modified":"2025-08-18T17:47:42","modified_gmt":"2025-08-18T17:47:42","slug":"sistema-cerrado-de-recoleccion-de-orina","status":"publish","type":"product","link":"https:\/\/gruposilmag.com\/en\/product\/sistema-cerrado-de-recoleccion-de-orina\/","title":{"rendered":"Sistema cerrado de recolecci\u00f3n de orina"},"content":{"rendered":"<p>&nbsp;<\/p>\n<ul>\n<li>Capuch\u00f3n de silicona adaptable al conector r\u00edgido.<\/li>\n<li>Clamp para el vaciado de la bureta.<\/li>\n<li>No produce dolores ni lesiones por rozamiento.<\/li>\n<li>Clamp y conector r\u00edgido con tap\u00f3n para mayor seguridad en la toma de muestra.<\/li>\n<li>Bureta graduada para control de diuresis.<\/li>\n<\/ul>\n<p><a href=\"https:\/\/gruposilmag.com\/wp-content\/uploads\/2024\/08\/499-sistema-cerrado-de-recoleccion-de-orina.pdf\">VER M\u00c1S<\/a><\/p>","protected":false},"excerpt":{"rendered":"<p>C\u00f3d. 499<\/p>\n<p>Producto dise\u00f1ado para vaciado vesical y obtenci\u00f3n de muestra est\u00e9ril de orina con fines de diagn\u00f3stico, en pacientes que requieren control estricto de diuresis.<\/p>\n<p>&nbsp;<\/p>\n<p><a href=\"https:\/\/gruposilmag.com\/wp-content\/uploads\/2025\/08\/Cod.-499_Sistema-cerrado-de-recoleccion-de-orina_Rev.-0.9.pdf\">VER M\u00c1S<\/a><\/p>","protected":false},"featured_media":2389,"template":"","meta":{"om_disable_all_campaigns":false,"_monsterinsights_skip_tracking":false,"_monsterinsights_sitenote_active":false,"_monsterinsights_sitenote_note":"","_monsterinsights_sitenote_category":0,"_uf_show_specific_survey":0,"_uf_disable_surveys":false},"product_brand":[],"product_cat":[110,60],"product_tag":[82,84,83,80],"class_list":{"0":"post-2397","1":"product","2":"type-product","3":"status-publish","4":"has-post-thumbnail","6":"product_cat-neonatologia","7":"product_cat-vias-urinarias","8":"product_tag-productos-biomedicos","9":"product_tag-salud","10":"product_tag-silmag","11":"product_tag-vias-urinarias","13":"first","14":"instock","15":"shipping-taxable","16":"product-type-simple"},"aioseo_notices":[],"_links":{"self":[{"href":"https:\/\/gruposilmag.com\/en\/wp-json\/wp\/v2\/product\/2397","targetHints":{"allow":["GET"]}}],"collection":[{"href":"https:\/\/gruposilmag.com\/en\/wp-json\/wp\/v2\/product"}],"about":[{"href":"https:\/\/gruposilmag.com\/en\/wp-json\/wp\/v2\/types\/product"}],"wp:featuredmedia":[{"embeddable":true,"href":"https:\/\/gruposilmag.com\/en\/wp-json\/wp\/v2\/media\/2389"}],"wp:attachment":[{"href":"https:\/\/gruposilmag.com\/en\/wp-json\/wp\/v2\/media?parent=2397"}],"wp:term":[{"taxonomy":"product_brand","embeddable":true,"href":"https:\/\/gruposilmag.com\/en\/wp-json\/wp\/v2\/product_brand?post=2397"},{"taxonomy":"product_cat","embeddable":true,"href":"https:\/\/gruposilmag.com\/en\/wp-json\/wp\/v2\/product_cat?post=2397"},{"taxonomy":"product_tag","embeddable":true,"href":"https:\/\/gruposilmag.com\/en\/wp-json\/wp\/v2\/product_tag?post=2397"}],"curies":[{"name":"wp","href":"https:\/\/api.w.org\/{rel}","templated":true}]}}