{"id":2399,"date":"2024-08-26T13:40:19","date_gmt":"2024-08-26T13:40:19","guid":{"rendered":"https:\/\/gruposilmag.com\/?post_type=product&#038;p=2399"},"modified":"2025-08-18T17:43:12","modified_gmt":"2025-08-18T17:43:12","slug":"sonda-para-gastronomia-con-balon","status":"publish","type":"product","link":"https:\/\/gruposilmag.com\/en\/product\/sonda-para-gastronomia-con-balon\/","title":{"rendered":"Sonda para gastrostom\u00eda con bal\u00f3n"},"content":{"rendered":"<ul>\n<li>Bal\u00f3n (globo) ubicado a 1.5 mm del extremo distal.<\/li>\n<li>El bal\u00f3n est\u00e1 sellado en el extremo distal y en el proximal tiene una v\u00e1lvula de cierre autom\u00e1tico que permite su inflado.<\/li>\n<li>Conexiones tipo Toomey y luer slip.<\/li>\n<\/ul>\n<p><a href=\"https:\/\/gruposilmag.com\/wp-content\/uploads\/2024\/08\/330-331_Sonda-para-gastrostomia-con-balon_Rev.09.pdf\">VER M\u00c1S<\/a><\/p>","protected":false},"excerpt":{"rendered":"<p>C\u00f3d. 330-331<\/p>\n<p>Producto dise\u00f1ado para la administraci\u00f3n directa de alimentos a la cavidad g\u00e1strica en pacientes imposibilitados de ingerirlos por boca, pacientes con reflujo gastroesof\u00e1gico y malformaciones del tracto digestivo alto; pacientes sometidos a cirug\u00edas gastroesof\u00e1gicas y pacientes con gastrostom\u00eda transitoria o permanente.<\/p>\n<p>&nbsp;<\/p>\n<p><a href=\"https:\/\/gruposilmag.com\/wp-content\/uploads\/2025\/08\/Cod.-330-331_Sonda-para-gastrostomia-con-balon_Rev.-1.0.pdf\">VER M\u00c1S<\/a><\/p>","protected":false},"featured_media":2405,"template":"","meta":{"om_disable_all_campaigns":false,"_monsterinsights_skip_tracking":false,"_monsterinsights_sitenote_active":false,"_monsterinsights_sitenote_note":"","_monsterinsights_sitenote_category":0,"_uf_show_specific_survey":0,"_uf_disable_surveys":false},"product_brand":[],"product_cat":[15,59],"product_tag":[82,84,83,79],"class_list":{"0":"post-2399","1":"product","2":"type-product","3":"status-publish","4":"has-post-thumbnail","6":"product_cat-pediatria","7":"product_cat-vias-digestivas","8":"product_tag-productos-biomedicos","9":"product_tag-salud","10":"product_tag-silmag","11":"product_tag-vias-digestivas","13":"first","14":"instock","15":"shipping-taxable","16":"product-type-simple"},"aioseo_notices":[],"_links":{"self":[{"href":"https:\/\/gruposilmag.com\/en\/wp-json\/wp\/v2\/product\/2399","targetHints":{"allow":["GET"]}}],"collection":[{"href":"https:\/\/gruposilmag.com\/en\/wp-json\/wp\/v2\/product"}],"about":[{"href":"https:\/\/gruposilmag.com\/en\/wp-json\/wp\/v2\/types\/product"}],"wp:featuredmedia":[{"embeddable":true,"href":"https:\/\/gruposilmag.com\/en\/wp-json\/wp\/v2\/media\/2405"}],"wp:attachment":[{"href":"https:\/\/gruposilmag.com\/en\/wp-json\/wp\/v2\/media?parent=2399"}],"wp:term":[{"taxonomy":"product_brand","embeddable":true,"href":"https:\/\/gruposilmag.com\/en\/wp-json\/wp\/v2\/product_brand?post=2399"},{"taxonomy":"product_cat","embeddable":true,"href":"https:\/\/gruposilmag.com\/en\/wp-json\/wp\/v2\/product_cat?post=2399"},{"taxonomy":"product_tag","embeddable":true,"href":"https:\/\/gruposilmag.com\/en\/wp-json\/wp\/v2\/product_tag?post=2399"}],"curies":[{"name":"wp","href":"https:\/\/api.w.org\/{rel}","templated":true}]}}