{"id":2409,"date":"2024-08-26T14:19:06","date_gmt":"2024-08-26T14:19:06","guid":{"rendered":"https:\/\/gruposilmag.com\/?post_type=product&#038;p=2409"},"modified":"2025-08-18T17:42:03","modified_gmt":"2025-08-18T17:42:03","slug":"sonda-para-aspiracion-continua","status":"publish","type":"product","link":"https:\/\/gruposilmag.com\/en\/product\/sonda-para-aspiracion-continua\/","title":{"rendered":"Sonda para aspiraci\u00f3n continua"},"content":{"rendered":"<ul>\n<li>Doble v\u00eda.<\/li>\n<li>Tubo interior radiopaco y tubo exterior transparente (permite una correcta visualizaci\u00f3n).<\/li>\n<li>Incluye prolongador.<\/li>\n<li>No produce lesiones por presi\u00f3n.<\/li>\n<li>Permite la administraci\u00f3nde l\u00edquido y la aspiraci\u00f3n permanente.<\/li>\n<li>Menor riesgo de obstrucci\u00f3n del flujo por acodamiento o acumulaci\u00f3n de secreciones<\/li>\n<\/ul>\n<p><a href=\"https:\/\/gruposilmag.com\/wp-content\/uploads\/2024\/08\/340_Sonda-de-aspiracion-continua_Rev.09.pdf\">VER M\u00c1S<\/a><\/p>","protected":false},"excerpt":{"rendered":"<p>C\u00f3d. 340<\/p>\n<p>Producto dise\u00f1ado para el lavado, descompresi\u00f3n y aspiraci\u00f3n de secreciones mucosas en el saco atr\u00e9sico o cavidad g\u00e1strica en pacientes<br \/>\nneonatos con atresia esof\u00e1gica y retardo en el vaciado g\u00e1strico.<\/p>\n<p>&nbsp;<\/p>\n<p><a href=\"https:\/\/gruposilmag.com\/wp-content\/uploads\/2025\/08\/Cod.-340_Sonda-de-aspiracion-continua_Rev.-1.0.pdf\">VER M\u00c1S<\/a><\/p>","protected":false},"featured_media":2411,"template":"","meta":{"om_disable_all_campaigns":false,"_monsterinsights_skip_tracking":false,"_monsterinsights_sitenote_active":false,"_monsterinsights_sitenote_note":"","_monsterinsights_sitenote_category":0,"_uf_show_specific_survey":0,"_uf_disable_surveys":false},"product_brand":[],"product_cat":[59],"product_tag":[82,84,83,98,79],"class_list":{"0":"post-2409","1":"product","2":"type-product","3":"status-publish","4":"has-post-thumbnail","6":"product_cat-vias-digestivas","7":"product_tag-productos-biomedicos","8":"product_tag-salud","9":"product_tag-silmag","10":"product_tag-sonda","11":"product_tag-vias-digestivas","13":"first","14":"instock","15":"shipping-taxable","16":"product-type-simple"},"aioseo_notices":[],"_links":{"self":[{"href":"https:\/\/gruposilmag.com\/en\/wp-json\/wp\/v2\/product\/2409","targetHints":{"allow":["GET"]}}],"collection":[{"href":"https:\/\/gruposilmag.com\/en\/wp-json\/wp\/v2\/product"}],"about":[{"href":"https:\/\/gruposilmag.com\/en\/wp-json\/wp\/v2\/types\/product"}],"wp:featuredmedia":[{"embeddable":true,"href":"https:\/\/gruposilmag.com\/en\/wp-json\/wp\/v2\/media\/2411"}],"wp:attachment":[{"href":"https:\/\/gruposilmag.com\/en\/wp-json\/wp\/v2\/media?parent=2409"}],"wp:term":[{"taxonomy":"product_brand","embeddable":true,"href":"https:\/\/gruposilmag.com\/en\/wp-json\/wp\/v2\/product_brand?post=2409"},{"taxonomy":"product_cat","embeddable":true,"href":"https:\/\/gruposilmag.com\/en\/wp-json\/wp\/v2\/product_cat?post=2409"},{"taxonomy":"product_tag","embeddable":true,"href":"https:\/\/gruposilmag.com\/en\/wp-json\/wp\/v2\/product_tag?post=2409"}],"curies":[{"name":"wp","href":"https:\/\/api.w.org\/{rel}","templated":true}]}}