{"id":2415,"date":"2024-08-26T18:29:06","date_gmt":"2024-08-26T18:29:06","guid":{"rendered":"https:\/\/gruposilmag.com\/?post_type=product&#038;p=2415"},"modified":"2025-08-18T17:41:03","modified_gmt":"2025-08-18T17:41:03","slug":"boton-gastrico","status":"publish","type":"product","link":"https:\/\/gruposilmag.com\/en\/product\/boton-gastrico\/","title":{"rendered":"Bot\u00f3n g\u00e1strico"},"content":{"rendered":"<p>\u2022 Permite la administraci\u00f3n de alimentos naturales directo a la cavidad g\u00e1strica.<br \/>\n\u2022 No requiere mantenimiento.<br \/>\n\u2022 El dise\u00f1o de la cabeza, evita la extracci\u00f3n accidental.<br \/>\n\u2022 El bajo perfil del dispositivo resulta c\u00f3modo para las actividades habituales de los pacientes.<br \/>\n\u2022 Valvula antireflujo<\/p>\n<p><a href=\"https:\/\/gruposilmag.com\/wp-content\/uploads\/2024\/08\/350_Boton-gastrico-Rev.-0.0.pdf\">VER M\u00c1S<\/a><\/p>","protected":false},"excerpt":{"rendered":"<p>C\u00f3d. 350<\/p>\n<p>Producto dise\u00f1ado para introducirse en la cavidad g\u00e1strica a trav\u00e9s de un ostoma estable realizado por t\u00e9cnica quir\u00fargica.<br \/>\nUtilizado para la administraci\u00f3n directa de alimentos en pacientes imposibilitados de ingerirlos por boca, pacientes con reflujo gastroesof\u00e1gico y malformaciones del tracto digestivo alto. Pacientes sometidos a cirug\u00edas gastroesof\u00e1gicas y\/o pacientes con gastrostom\u00eda transitoria o permanente.<\/p>\n<p>&nbsp;<\/p>\n<p><a href=\"https:\/\/gruposilmag.com\/wp-content\/uploads\/2025\/08\/Cod.-350_Boton-gastrico_Rev.-1.1.pdf\">VER M\u00c1S<\/a><\/p>","protected":false},"featured_media":2420,"template":"","meta":{"om_disable_all_campaigns":false,"_monsterinsights_skip_tracking":false,"_monsterinsights_sitenote_active":false,"_monsterinsights_sitenote_note":"","_monsterinsights_sitenote_category":0,"_uf_show_specific_survey":0,"_uf_disable_surveys":false},"product_brand":[],"product_cat":[15,59],"product_tag":[99,82,84,83,79],"class_list":{"0":"post-2415","1":"product","2":"type-product","3":"status-publish","4":"has-post-thumbnail","6":"product_cat-pediatria","7":"product_cat-vias-digestivas","8":"product_tag-boton","9":"product_tag-productos-biomedicos","10":"product_tag-salud","11":"product_tag-silmag","12":"product_tag-vias-digestivas","14":"first","15":"instock","16":"shipping-taxable","17":"product-type-simple"},"aioseo_notices":[],"_links":{"self":[{"href":"https:\/\/gruposilmag.com\/en\/wp-json\/wp\/v2\/product\/2415","targetHints":{"allow":["GET"]}}],"collection":[{"href":"https:\/\/gruposilmag.com\/en\/wp-json\/wp\/v2\/product"}],"about":[{"href":"https:\/\/gruposilmag.com\/en\/wp-json\/wp\/v2\/types\/product"}],"wp:featuredmedia":[{"embeddable":true,"href":"https:\/\/gruposilmag.com\/en\/wp-json\/wp\/v2\/media\/2420"}],"wp:attachment":[{"href":"https:\/\/gruposilmag.com\/en\/wp-json\/wp\/v2\/media?parent=2415"}],"wp:term":[{"taxonomy":"product_brand","embeddable":true,"href":"https:\/\/gruposilmag.com\/en\/wp-json\/wp\/v2\/product_brand?post=2415"},{"taxonomy":"product_cat","embeddable":true,"href":"https:\/\/gruposilmag.com\/en\/wp-json\/wp\/v2\/product_cat?post=2415"},{"taxonomy":"product_tag","embeddable":true,"href":"https:\/\/gruposilmag.com\/en\/wp-json\/wp\/v2\/product_tag?post=2415"}],"curies":[{"name":"wp","href":"https:\/\/api.w.org\/{rel}","templated":true}]}}