{"id":2428,"date":"2024-08-26T18:58:00","date_gmt":"2024-08-26T18:58:00","guid":{"rendered":"https:\/\/gruposilmag.com\/?post_type=product&#038;p=2428"},"modified":"2025-08-18T17:30:02","modified_gmt":"2025-08-18T17:30:02","slug":"set-de-boton-gastrico-con-balon","status":"publish","type":"product","link":"https:\/\/gruposilmag.com\/en\/product\/set-de-boton-gastrico-con-balon\/","title":{"rendered":"Set de bot\u00f3n g\u00e1strico con bal\u00f3n"},"content":{"rendered":"<ul>\n<li>Permite la administraci\u00f3n de alimentos naturales directo a la cavidad g\u00e1strica.<\/li>\n<li>Colocaci\u00f3n y extracci\u00f3n pr\u00e1ctica y c\u00f3moda para el paciente.<\/li>\n<li>El bajo perfil del dispositivo resulta c\u00f3modo para las actividades habituales de los pacientes<\/li>\n<\/ul>\n<p><a href=\"https:\/\/gruposilmag.com\/wp-content\/uploads\/2024\/08\/Boton-gastrico-CON-BALON-diptico-folleto-inf-Rev01-A4.pdf\">VER M\u00c1S<\/a><\/p>","protected":false},"excerpt":{"rendered":"<p>C\u00f3d. 360<\/p>\n<p>Producto dise\u00f1ado para introducirse en la cavidad g\u00e1strica a trav\u00e9s de un ostoma estable realizado por t\u00e9cnica quir\u00fargica. Utilizado para la administraci\u00f3n directa de alimentos en pacientes imposibilitados de ingerirlos por boca, pacientes con reflujo gastroesof\u00e1gico y malformaciones del tractodigestivo alto. Pacientes sometidos a cirug\u00edasgastroesof\u00e1gicas y\/o pacientes con gastrostom\u00eda transitoria o permanente.<\/p>\n<p>&nbsp;<\/p>\n<p><a href=\"https:\/\/gruposilmag.com\/wp-content\/uploads\/2025\/08\/Cod.-360_Boton-gastrico-con-balon_Rev.-0.2.pdf\">VER M\u00c1S<\/a><\/p>","protected":false},"featured_media":2430,"template":"","meta":{"om_disable_all_campaigns":false,"_monsterinsights_skip_tracking":false,"_monsterinsights_sitenote_active":false,"_monsterinsights_sitenote_note":"","_monsterinsights_sitenote_category":0,"_uf_show_specific_survey":0,"_uf_disable_surveys":false},"product_brand":[],"product_cat":[59],"product_tag":[99,82,84,83,79],"class_list":{"0":"post-2428","1":"product","2":"type-product","3":"status-publish","4":"has-post-thumbnail","6":"product_cat-vias-digestivas","7":"product_tag-boton","8":"product_tag-productos-biomedicos","9":"product_tag-salud","10":"product_tag-silmag","11":"product_tag-vias-digestivas","13":"first","14":"instock","15":"shipping-taxable","16":"product-type-simple"},"aioseo_notices":[],"_links":{"self":[{"href":"https:\/\/gruposilmag.com\/en\/wp-json\/wp\/v2\/product\/2428","targetHints":{"allow":["GET"]}}],"collection":[{"href":"https:\/\/gruposilmag.com\/en\/wp-json\/wp\/v2\/product"}],"about":[{"href":"https:\/\/gruposilmag.com\/en\/wp-json\/wp\/v2\/types\/product"}],"wp:featuredmedia":[{"embeddable":true,"href":"https:\/\/gruposilmag.com\/en\/wp-json\/wp\/v2\/media\/2430"}],"wp:attachment":[{"href":"https:\/\/gruposilmag.com\/en\/wp-json\/wp\/v2\/media?parent=2428"}],"wp:term":[{"taxonomy":"product_brand","embeddable":true,"href":"https:\/\/gruposilmag.com\/en\/wp-json\/wp\/v2\/product_brand?post=2428"},{"taxonomy":"product_cat","embeddable":true,"href":"https:\/\/gruposilmag.com\/en\/wp-json\/wp\/v2\/product_cat?post=2428"},{"taxonomy":"product_tag","embeddable":true,"href":"https:\/\/gruposilmag.com\/en\/wp-json\/wp\/v2\/product_tag?post=2428"}],"curies":[{"name":"wp","href":"https:\/\/api.w.org\/{rel}","templated":true}]}}