{"id":2435,"date":"2024-08-26T19:00:18","date_gmt":"2024-08-26T19:00:18","guid":{"rendered":"https:\/\/gruposilmag.com\/?post_type=product&#038;p=2435"},"modified":"2025-08-18T17:08:28","modified_gmt":"2025-08-18T17:08:28","slug":"sonda-nasogastrica","status":"publish","type":"product","link":"https:\/\/gruposilmag.com\/en\/product\/sonda-nasogastrica\/","title":{"rendered":"Sonda nasog\u00e1strica"},"content":{"rendered":"<p>Incluye adaptador para conexi\u00f3n ENFit seg\u00fan Norma ISO 80369-3:<\/p>\n<p>\u2022Evita las conexiones incorrectas y asegura que solo la nutrici\u00f3n enteral pueda ser administrada.<br \/>\n\u2022Reduce los riesgos de conexi\u00f3n err\u00f3nea<br \/>\n\u2022Es incompatible con los conectores Luer y otros conectores de di\u00e1metro peque\u00f1o, lo que aumenta la seguridad del paciente.<br \/>\n\u2022Garantiza una administraci\u00f3n \u00f3ptima brindando una conexi\u00f3n segura y libre de fugas.<\/p>\n<p><a href=\"https:\/\/gruposilmag.com\/wp-content\/uploads\/2024\/08\/391-392_Sonda-nasogastrica_Rev.10.pdf\">VER M\u00c1S<\/a><\/p>","protected":false},"excerpt":{"rendered":"<p>C\u00f3d. 391-392<\/p>\n<p>Producto dise\u00f1ado para la administraci\u00f3n de alimentos en pacientes imposibilitados de ingerirlos por v\u00eda oral. Vaciado\/lavado<br \/>\ng\u00e1strico en pacientes con intoxicaciones por ingesti\u00f3n de alimentos o medicamentos. Recolecci\u00f3n de muestra con fines de<br \/>\ndiagn\u00f3stico.<\/p>\n<p><a href=\"https:\/\/gruposilmag.com\/wp-content\/uploads\/2025\/08\/Cod.-391-392_Sonda-nasogastrica_Rev.-1.0.pdf\">VER M\u00c1S<\/a><\/p>\n<p>&nbsp;<\/p>","protected":false},"featured_media":2436,"template":"","meta":{"om_disable_all_campaigns":false,"_monsterinsights_skip_tracking":false,"_monsterinsights_sitenote_active":false,"_monsterinsights_sitenote_note":"","_monsterinsights_sitenote_category":0,"_uf_show_specific_survey":0,"_uf_disable_surveys":false},"product_brand":[],"product_cat":[15,59],"product_tag":[82,84,83,98,79],"class_list":{"0":"post-2435","1":"product","2":"type-product","3":"status-publish","4":"has-post-thumbnail","6":"product_cat-pediatria","7":"product_cat-vias-digestivas","8":"product_tag-productos-biomedicos","9":"product_tag-salud","10":"product_tag-silmag","11":"product_tag-sonda","12":"product_tag-vias-digestivas","14":"first","15":"instock","16":"shipping-taxable","17":"product-type-simple"},"aioseo_notices":[],"_links":{"self":[{"href":"https:\/\/gruposilmag.com\/en\/wp-json\/wp\/v2\/product\/2435","targetHints":{"allow":["GET"]}}],"collection":[{"href":"https:\/\/gruposilmag.com\/en\/wp-json\/wp\/v2\/product"}],"about":[{"href":"https:\/\/gruposilmag.com\/en\/wp-json\/wp\/v2\/types\/product"}],"wp:featuredmedia":[{"embeddable":true,"href":"https:\/\/gruposilmag.com\/en\/wp-json\/wp\/v2\/media\/2436"}],"wp:attachment":[{"href":"https:\/\/gruposilmag.com\/en\/wp-json\/wp\/v2\/media?parent=2435"}],"wp:term":[{"taxonomy":"product_brand","embeddable":true,"href":"https:\/\/gruposilmag.com\/en\/wp-json\/wp\/v2\/product_brand?post=2435"},{"taxonomy":"product_cat","embeddable":true,"href":"https:\/\/gruposilmag.com\/en\/wp-json\/wp\/v2\/product_cat?post=2435"},{"taxonomy":"product_tag","embeddable":true,"href":"https:\/\/gruposilmag.com\/en\/wp-json\/wp\/v2\/product_tag?post=2435"}],"curies":[{"name":"wp","href":"https:\/\/api.w.org\/{rel}","templated":true}]}}