{"id":2439,"date":"2024-08-26T19:04:00","date_gmt":"2024-08-26T19:04:00","guid":{"rendered":"https:\/\/gruposilmag.com\/?post_type=product&#038;p=2439"},"modified":"2025-08-18T17:06:39","modified_gmt":"2025-08-18T17:06:39","slug":"sonda-transpilorica-con-lastre-y-mandril","status":"publish","type":"product","link":"https:\/\/gruposilmag.com\/en\/product\/sonda-transpilorica-con-lastre-y-mandril\/","title":{"rendered":"Sonda transpil\u00f3rica con lastre y mandril"},"content":{"rendered":"<ul>\n<li>Permite la administraci\u00f3n de alimentos especialmente preparados para la cavidad intestinal.<\/li>\n<\/ul>\n<p><a href=\"https:\/\/gruposilmag.com\/wp-content\/uploads\/2024\/08\/Sonda-transpilorica-enfit-folleto-PL-inf-Rev00.pdf\">VER M\u00c1S<\/a><\/p>\n<p>&nbsp;<\/p>","protected":false},"excerpt":{"rendered":"<p>C\u00f3d. 398<\/p>\n<p>Producto dise\u00f1ado para pacientes imposibilitados de ingerir alimentos y medicamentos por v\u00eda oral. Pacientes con reflujo gastroesof\u00e1gico y malformaciones del tracto digestivo alto. Pacientes sometidos a cirug\u00edas gastroesof\u00e1gicas y pacientes con pancreatitis.<\/p>\n<p>&nbsp;<\/p>\n<p><a href=\"https:\/\/gruposilmag.com\/wp-content\/uploads\/2025\/08\/Cod.-398_Sonda-transpilorica-con-lastre-y-mandril_Rev.-1.3.pdf\">VER M\u00c1S<\/a><\/p>","protected":false},"featured_media":2440,"template":"","meta":{"om_disable_all_campaigns":false,"_monsterinsights_skip_tracking":false,"_monsterinsights_sitenote_active":false,"_monsterinsights_sitenote_note":"","_monsterinsights_sitenote_category":0,"_uf_show_specific_survey":0,"_uf_disable_surveys":false},"product_brand":[],"product_cat":[15,59],"product_tag":[82,84,83,98,79],"class_list":{"0":"post-2439","1":"product","2":"type-product","3":"status-publish","4":"has-post-thumbnail","6":"product_cat-pediatria","7":"product_cat-vias-digestivas","8":"product_tag-productos-biomedicos","9":"product_tag-salud","10":"product_tag-silmag","11":"product_tag-sonda","12":"product_tag-vias-digestivas","14":"first","15":"instock","16":"shipping-taxable","17":"product-type-simple"},"aioseo_notices":[],"_links":{"self":[{"href":"https:\/\/gruposilmag.com\/en\/wp-json\/wp\/v2\/product\/2439","targetHints":{"allow":["GET"]}}],"collection":[{"href":"https:\/\/gruposilmag.com\/en\/wp-json\/wp\/v2\/product"}],"about":[{"href":"https:\/\/gruposilmag.com\/en\/wp-json\/wp\/v2\/types\/product"}],"wp:featuredmedia":[{"embeddable":true,"href":"https:\/\/gruposilmag.com\/en\/wp-json\/wp\/v2\/media\/2440"}],"wp:attachment":[{"href":"https:\/\/gruposilmag.com\/en\/wp-json\/wp\/v2\/media?parent=2439"}],"wp:term":[{"taxonomy":"product_brand","embeddable":true,"href":"https:\/\/gruposilmag.com\/en\/wp-json\/wp\/v2\/product_brand?post=2439"},{"taxonomy":"product_cat","embeddable":true,"href":"https:\/\/gruposilmag.com\/en\/wp-json\/wp\/v2\/product_cat?post=2439"},{"taxonomy":"product_tag","embeddable":true,"href":"https:\/\/gruposilmag.com\/en\/wp-json\/wp\/v2\/product_tag?post=2439"}],"curies":[{"name":"wp","href":"https:\/\/api.w.org\/{rel}","templated":true}]}}