{"id":2805,"date":"2024-11-06T18:39:53","date_gmt":"2024-11-06T18:39:53","guid":{"rendered":"https:\/\/gruposilmag.com\/?post_type=product&#038;p=2805"},"modified":"2025-08-18T17:04:51","modified_gmt":"2025-08-18T17:04:51","slug":"canula-para-traquestomia","status":"publish","type":"product","link":"https:\/\/gruposilmag.com\/en\/product\/canula-para-traquestomia\/","title":{"rendered":"C\u00e1nula para traqueostom\u00eda"},"content":{"rendered":"","protected":false},"excerpt":{"rendered":"<p>C\u00f3d. 270<\/p>\n<p>Producto dise\u00f1ado para mantener la permeabilidad de la v\u00eda respiratoria en pacientes pedi\u00e1tricos y neonatos con epiglotitis, neoplasia, absceso o cuerpo extra\u00f1o en faringe que produce obstrucci\u00f3n total o parcial de las v\u00edas respiratorias altas, traumatismo laringotraqueal grave, malformaciones y para pacientes con hipertrofia de subglotis.<\/p>\n<p><a href=\"https:\/\/gruposilmag.com\/wp-content\/uploads\/2025\/08\/Cod.-270_Canula-paratraqueostomia-pediatrica_Rev.-0.5.pdf\">VER M\u00c1S<\/a><\/p>","protected":false},"featured_media":2806,"template":"","meta":{"om_disable_all_campaigns":false,"_monsterinsights_skip_tracking":false,"_monsterinsights_sitenote_active":false,"_monsterinsights_sitenote_note":"","_monsterinsights_sitenote_category":0,"_uf_show_specific_survey":0,"_uf_disable_surveys":false},"product_brand":[],"product_cat":[15,58],"product_tag":[],"class_list":{"0":"post-2805","1":"product","2":"type-product","3":"status-publish","4":"has-post-thumbnail","6":"product_cat-pediatria","7":"product_cat-vias-respiratorias","9":"first","10":"instock","11":"shipping-taxable","12":"product-type-simple"},"aioseo_notices":[],"_links":{"self":[{"href":"https:\/\/gruposilmag.com\/en\/wp-json\/wp\/v2\/product\/2805","targetHints":{"allow":["GET"]}}],"collection":[{"href":"https:\/\/gruposilmag.com\/en\/wp-json\/wp\/v2\/product"}],"about":[{"href":"https:\/\/gruposilmag.com\/en\/wp-json\/wp\/v2\/types\/product"}],"wp:featuredmedia":[{"embeddable":true,"href":"https:\/\/gruposilmag.com\/en\/wp-json\/wp\/v2\/media\/2806"}],"wp:attachment":[{"href":"https:\/\/gruposilmag.com\/en\/wp-json\/wp\/v2\/media?parent=2805"}],"wp:term":[{"taxonomy":"product_brand","embeddable":true,"href":"https:\/\/gruposilmag.com\/en\/wp-json\/wp\/v2\/product_brand?post=2805"},{"taxonomy":"product_cat","embeddable":true,"href":"https:\/\/gruposilmag.com\/en\/wp-json\/wp\/v2\/product_cat?post=2805"},{"taxonomy":"product_tag","embeddable":true,"href":"https:\/\/gruposilmag.com\/en\/wp-json\/wp\/v2\/product_tag?post=2805"}],"curies":[{"name":"wp","href":"https:\/\/api.w.org\/{rel}","templated":true}]}}